{"id":1129,"date":"2024-05-10T13:02:35","date_gmt":"2024-05-10T13:02:35","guid":{"rendered":"https:\/\/le-clervaux.excellence-group.lu\/suiten\/suite-excellence\/"},"modified":"2025-09-02T10:21:14","modified_gmt":"2025-09-02T10:21:14","slug":"suite-excellence","status":"publish","type":"page","link":"https:\/\/le-clervaux.excellence-group.lu\/de\/suiten\/suite-excellence\/","title":{"rendered":"Suite Excellence"},"content":{"rendered":"<p>Entdecken Sie unsere <strong>Suite Excellence im Boutique Hotel Clervaux<\/strong> im Norden Luxemburgs, eine luxuri\u00f6se Suite, in der moderner Komfort auf nat\u00fcrliche Eleganz trifft.<\/p>\n<p>Die Besonderheit der Suite Excellence liegt in ihrem prunkvollen Badezimmer, in dem sich der Luxus bis ins kleinste Detail offenbart. Sie werden von der einladenden und entspannenden Duo-Badewanne aus Naturstein begeistert sein, die sich perfekt f\u00fcr entspannende Momente zu zweit eignet. Das Doppelwaschbecken aus Naturstein verleiht dem Ganzen einen Hauch von Raffinesse und Raffinesse und schafft einen eleganten und beruhigenden Wellnessbereich.<\/p>\n<p>Das Schlafzimmer ist mit einem komfortablen Doppelbett eingerichtet, das Ihnen ruhige und erholsame N\u00e4chte garantiert. Ein Arbeitsbereich mit Stuhl ist ebenfalls vorhanden, perfekt f\u00fcr diejenigen, die w\u00e4hrend ihres Aufenthalts arbeiten m\u00fcssen.<\/p>\n<p>Eine gro\u00dfe Fensterfront bietet Zugang zu einem privaten Balkon, von dem aus Sie den Blick auf die umliegende Natur genie\u00dfen k\u00f6nnen.<\/p>\n<p>Die Suite Excellence ist im Art-Deco-Stil eingerichtet, mit Wandteppichen, die mit f\u00fcr das Haus untypischen Motiven verziert sind und dem Ganzen einen originellen Touch verleihen.<\/p>\n<p><em>Hinweis: Da der Zugang zum <a href=\"https:\/\/www.excellence-group.lu\/spa\/\">SPA Cinq Mondes<\/a> des Hotels bei Ihrem Aufenthalt in <a href=\"https:\/\/www.excellence-group.lu\/clervaux\">Clervaux<\/a> inbegriffen ist, stehen Ihnen Badem\u00e4ntel in Ihrer Suite zur Verf\u00fcgung.<\/em><\/p>\n","protected":false},"excerpt":{"rendered":"<p>Entdecken Sie unsere Suite Excellence im Boutique Hotel Clervaux im Norden Luxemburgs, eine luxuri\u00f6se Suite, in der moderner Komfort auf nat\u00fcrliche Eleganz trifft. Die Besonderheit der Suite Excellence liegt in ihrem prunkvollen Badezimmer, in dem sich der Luxus bis ins kleinste Detail offenbart. Sie werden von der einladenden und entspannenden Duo-Badewanne aus Naturstein begeistert sein, [&hellip;]<\/p>\n","protected":false},"author":399,"featured_media":1102,"parent":227,"menu_order":0,"comment_status":"closed","ping_status":"closed","template":"template-single-room.php","meta":{"footnotes":""},"class_list":["post-1129","page","type-page","status-publish","has-post-thumbnail","hentry"],"yoast_head":"<!-- This site is optimized with the Yoast SEO plugin v26.9 - https:\/\/yoast.com\/product\/yoast-seo-wordpress\/ -->\n<title>Suite Excellence - Le Clervaux Boutique Design Hotel<\/title>\n<meta name=\"description\" content=\"Entdecken Sie die Suite Excellence im Boutique Hotel Clervaux, einem Spa-Hotel im Norden Luxemburgs, mit ihrer Duo-Badewanne aus Naturstein.\" \/>\n<meta name=\"robots\" content=\"index, follow, max-snippet:-1, max-image-preview:large, max-video-preview:-1\" \/>\n<link rel=\"canonical\" href=\"https:\/\/le-clervaux.excellence-group.lu\/de\/suiten\/suite-excellence\/\" \/>\n<meta property=\"og:locale\" content=\"de_DE\" \/>\n<meta property=\"og:type\" content=\"article\" \/>\n<meta property=\"og:title\" content=\"Suite Excellence - Le Clervaux Boutique Design Hotel\" \/>\n<meta property=\"og:description\" content=\"Entdecken Sie die Suite Excellence im Boutique Hotel Clervaux, einem Spa-Hotel im Norden Luxemburgs, mit ihrer Duo-Badewanne aus Naturstein.\" \/>\n<meta property=\"og:url\" content=\"https:\/\/le-clervaux.excellence-group.lu\/de\/suiten\/suite-excellence\/\" \/>\n<meta property=\"og:site_name\" content=\"Le Clervaux Boutique Design Hotel\" \/>\n<meta property=\"article:modified_time\" content=\"2025-09-02T10:21:14+00:00\" \/>\n<meta property=\"og:image\" content=\"https:\/\/le-clervaux.excellence-group.lu\/wp-content\/uploads\/sites\/388\/2024\/05\/insta_suite-clervaux-boutique-hotel_12.jpg\" \/>\n\t<meta property=\"og:image:width\" content=\"1000\" \/>\n\t<meta property=\"og:image:height\" content=\"1000\" \/>\n\t<meta property=\"og:image:type\" content=\"image\/jpeg\" \/>\n<meta name=\"twitter:card\" content=\"summary_large_image\" \/>\n<meta name=\"twitter:label1\" content=\"Gesch\u00e4tzte Lesezeit\" \/>\n\t<meta name=\"twitter:data1\" content=\"2 Minuten\" \/>\n<script type=\"application\/ld+json\" class=\"yoast-schema-graph\">{\"@context\":\"https:\/\/schema.org\",\"@graph\":[{\"@type\":\"WebPage\",\"@id\":\"https:\/\/le-clervaux.excellence-group.lu\/de\/suiten\/suite-excellence\/\",\"url\":\"https:\/\/le-clervaux.excellence-group.lu\/de\/suiten\/suite-excellence\/\",\"name\":\"Suite Excellence - Le Clervaux Boutique Design Hotel\",\"isPartOf\":{\"@id\":\"https:\/\/le-clervaux.excellence-group.lu\/de\/#website\"},\"primaryImageOfPage\":{\"@id\":\"https:\/\/le-clervaux.excellence-group.lu\/de\/suiten\/suite-excellence\/#primaryimage\"},\"image\":{\"@id\":\"https:\/\/le-clervaux.excellence-group.lu\/de\/suiten\/suite-excellence\/#primaryimage\"},\"thumbnailUrl\":\"https:\/\/le-clervaux.excellence-group.lu\/wp-content\/uploads\/sites\/388\/2024\/05\/insta_suite-clervaux-boutique-hotel_12.jpg\",\"datePublished\":\"2024-05-10T13:02:35+00:00\",\"dateModified\":\"2025-09-02T10:21:14+00:00\",\"description\":\"Entdecken Sie die Suite Excellence im Boutique Hotel Clervaux, einem Spa-Hotel im Norden Luxemburgs, mit ihrer Duo-Badewanne aus Naturstein.\",\"breadcrumb\":{\"@id\":\"https:\/\/le-clervaux.excellence-group.lu\/de\/suiten\/suite-excellence\/#breadcrumb\"},\"inLanguage\":\"de-DE\",\"potentialAction\":[{\"@type\":\"ReadAction\",\"target\":[\"https:\/\/le-clervaux.excellence-group.lu\/de\/suiten\/suite-excellence\/\"]}]},{\"@type\":\"ImageObject\",\"inLanguage\":\"de-DE\",\"@id\":\"https:\/\/le-clervaux.excellence-group.lu\/de\/suiten\/suite-excellence\/#primaryimage\",\"url\":\"https:\/\/le-clervaux.excellence-group.lu\/wp-content\/uploads\/sites\/388\/2024\/05\/insta_suite-clervaux-boutique-hotel_12.jpg\",\"contentUrl\":\"https:\/\/le-clervaux.excellence-group.lu\/wp-content\/uploads\/sites\/388\/2024\/05\/insta_suite-clervaux-boutique-hotel_12.jpg\",\"width\":1000,\"height\":1000},{\"@type\":\"BreadcrumbList\",\"@id\":\"https:\/\/le-clervaux.excellence-group.lu\/de\/suiten\/suite-excellence\/#breadcrumb\",\"itemListElement\":[{\"@type\":\"ListItem\",\"position\":1,\"name\":\"Home\",\"item\":\"https:\/\/le-clervaux.excellence-group.lu\/de\/\"},{\"@type\":\"ListItem\",\"position\":2,\"name\":\"Nos suites\",\"item\":\"https:\/\/le-clervaux.excellence-group.lu\/de\/suiten\/\"},{\"@type\":\"ListItem\",\"position\":3,\"name\":\"Suite Excellence\"}]},{\"@type\":\"WebSite\",\"@id\":\"https:\/\/le-clervaux.excellence-group.lu\/de\/#website\",\"url\":\"https:\/\/le-clervaux.excellence-group.lu\/de\/\",\"name\":\"Le Clervaux Boutique Design Hotel\",\"description\":\"Just another ms.decms.eu site\",\"potentialAction\":[{\"@type\":\"SearchAction\",\"target\":{\"@type\":\"EntryPoint\",\"urlTemplate\":\"https:\/\/le-clervaux.excellence-group.lu\/de\/?s={search_term_string}\"},\"query-input\":{\"@type\":\"PropertyValueSpecification\",\"valueRequired\":true,\"valueName\":\"search_term_string\"}}],\"inLanguage\":\"de-DE\"}]}<\/script>\n<!-- \/ Yoast SEO plugin. -->","yoast_head_json":{"title":"Suite Excellence - Le Clervaux Boutique Design Hotel","description":"Entdecken Sie die Suite Excellence im Boutique Hotel Clervaux, einem Spa-Hotel im Norden Luxemburgs, mit ihrer Duo-Badewanne aus Naturstein.","robots":{"index":"index","follow":"follow","max-snippet":"max-snippet:-1","max-image-preview":"max-image-preview:large","max-video-preview":"max-video-preview:-1"},"canonical":"https:\/\/le-clervaux.excellence-group.lu\/de\/suiten\/suite-excellence\/","og_locale":"de_DE","og_type":"article","og_title":"Suite Excellence - Le Clervaux Boutique Design Hotel","og_description":"Entdecken Sie die Suite Excellence im Boutique Hotel Clervaux, einem Spa-Hotel im Norden Luxemburgs, mit ihrer Duo-Badewanne aus Naturstein.","og_url":"https:\/\/le-clervaux.excellence-group.lu\/de\/suiten\/suite-excellence\/","og_site_name":"Le Clervaux Boutique Design Hotel","article_modified_time":"2025-09-02T10:21:14+00:00","og_image":[{"width":1000,"height":1000,"url":"https:\/\/le-clervaux.excellence-group.lu\/wp-content\/uploads\/sites\/388\/2024\/05\/insta_suite-clervaux-boutique-hotel_12.jpg","type":"image\/jpeg"}],"twitter_card":"summary_large_image","twitter_misc":{"Gesch\u00e4tzte Lesezeit":"2 Minuten"},"schema":{"@context":"https:\/\/schema.org","@graph":[{"@type":"WebPage","@id":"https:\/\/le-clervaux.excellence-group.lu\/de\/suiten\/suite-excellence\/","url":"https:\/\/le-clervaux.excellence-group.lu\/de\/suiten\/suite-excellence\/","name":"Suite Excellence - Le Clervaux Boutique Design Hotel","isPartOf":{"@id":"https:\/\/le-clervaux.excellence-group.lu\/de\/#website"},"primaryImageOfPage":{"@id":"https:\/\/le-clervaux.excellence-group.lu\/de\/suiten\/suite-excellence\/#primaryimage"},"image":{"@id":"https:\/\/le-clervaux.excellence-group.lu\/de\/suiten\/suite-excellence\/#primaryimage"},"thumbnailUrl":"https:\/\/le-clervaux.excellence-group.lu\/wp-content\/uploads\/sites\/388\/2024\/05\/insta_suite-clervaux-boutique-hotel_12.jpg","datePublished":"2024-05-10T13:02:35+00:00","dateModified":"2025-09-02T10:21:14+00:00","description":"Entdecken Sie die Suite Excellence im Boutique Hotel Clervaux, einem Spa-Hotel im Norden Luxemburgs, mit ihrer Duo-Badewanne aus Naturstein.","breadcrumb":{"@id":"https:\/\/le-clervaux.excellence-group.lu\/de\/suiten\/suite-excellence\/#breadcrumb"},"inLanguage":"de-DE","potentialAction":[{"@type":"ReadAction","target":["https:\/\/le-clervaux.excellence-group.lu\/de\/suiten\/suite-excellence\/"]}]},{"@type":"ImageObject","inLanguage":"de-DE","@id":"https:\/\/le-clervaux.excellence-group.lu\/de\/suiten\/suite-excellence\/#primaryimage","url":"https:\/\/le-clervaux.excellence-group.lu\/wp-content\/uploads\/sites\/388\/2024\/05\/insta_suite-clervaux-boutique-hotel_12.jpg","contentUrl":"https:\/\/le-clervaux.excellence-group.lu\/wp-content\/uploads\/sites\/388\/2024\/05\/insta_suite-clervaux-boutique-hotel_12.jpg","width":1000,"height":1000},{"@type":"BreadcrumbList","@id":"https:\/\/le-clervaux.excellence-group.lu\/de\/suiten\/suite-excellence\/#breadcrumb","itemListElement":[{"@type":"ListItem","position":1,"name":"Home","item":"https:\/\/le-clervaux.excellence-group.lu\/de\/"},{"@type":"ListItem","position":2,"name":"Nos suites","item":"https:\/\/le-clervaux.excellence-group.lu\/de\/suiten\/"},{"@type":"ListItem","position":3,"name":"Suite Excellence"}]},{"@type":"WebSite","@id":"https:\/\/le-clervaux.excellence-group.lu\/de\/#website","url":"https:\/\/le-clervaux.excellence-group.lu\/de\/","name":"Le Clervaux Boutique Design Hotel","description":"Just another ms.decms.eu site","potentialAction":[{"@type":"SearchAction","target":{"@type":"EntryPoint","urlTemplate":"https:\/\/le-clervaux.excellence-group.lu\/de\/?s={search_term_string}"},"query-input":{"@type":"PropertyValueSpecification","valueRequired":true,"valueName":"search_term_string"}}],"inLanguage":"de-DE"}]}},"acf":[],"_links":{"self":[{"href":"https:\/\/le-clervaux.excellence-group.lu\/de\/wp-json\/wp\/v2\/pages\/1129","targetHints":{"allow":["GET"]}}],"collection":[{"href":"https:\/\/le-clervaux.excellence-group.lu\/de\/wp-json\/wp\/v2\/pages"}],"about":[{"href":"https:\/\/le-clervaux.excellence-group.lu\/de\/wp-json\/wp\/v2\/types\/page"}],"author":[{"embeddable":true,"href":"https:\/\/le-clervaux.excellence-group.lu\/de\/wp-json\/wp\/v2\/users\/399"}],"replies":[{"embeddable":true,"href":"https:\/\/le-clervaux.excellence-group.lu\/de\/wp-json\/wp\/v2\/comments?post=1129"}],"version-history":[{"count":0,"href":"https:\/\/le-clervaux.excellence-group.lu\/de\/wp-json\/wp\/v2\/pages\/1129\/revisions"}],"up":[{"embeddable":true,"href":"https:\/\/le-clervaux.excellence-group.lu\/de\/wp-json\/wp\/v2\/pages\/227"}],"wp:featuredmedia":[{"embeddable":true,"href":"https:\/\/le-clervaux.excellence-group.lu\/de\/wp-json\/wp\/v2\/media\/1102"}],"wp:attachment":[{"href":"https:\/\/le-clervaux.excellence-group.lu\/de\/wp-json\/wp\/v2\/media?parent=1129"}],"curies":[{"name":"wp","href":"https:\/\/api.w.org\/{rel}","templated":true}]}}