{"id":1170,"date":"2024-05-13T06:44:38","date_gmt":"2024-05-13T06:44:38","guid":{"rendered":"https:\/\/le-clervaux.excellence-group.lu\/suiten\/suite-wellness\/"},"modified":"2025-09-02T10:21:44","modified_gmt":"2025-09-02T10:21:44","slug":"suite-wellness","status":"publish","type":"page","link":"https:\/\/le-clervaux.excellence-group.lu\/de\/suiten\/suite-wellness\/","title":{"rendered":"Suite Wellness"},"content":{"rendered":"<p>Entdecken Sie unsere <strong>Wellness-Suite im Boutique Hotel Clervaux<\/strong>, eine Einladung zu Entspannung und Komfort in einem raffinierten Rahmen.<\/p>\n<p>Im Herzen dieser Suite befindet sich ein pr\u00e4chtiges Badezimmer, das mit einer trendigen italienischen Dusche und einer ger\u00e4umigen Duo-Badewanne mit Sprudelbadfunktion Entspannung vom Feinsten bietet.<\/p>\n<p>Das Schlafzimmer, eingerichtet mit einem gro\u00dfen Doppelbett mit allem Komfort und einem Fernseher, ist eine Oase der Ruhe, in der Sie nach einem ereignisreichen Tag mit Besichtigungen in Clervaux neue Energie tanken k\u00f6nnen.<\/p>\n<p>Im Wohnbereich laden eine bequeme Couch, ein Couchtisch und ein zweiter Fernseher dazu ein, sich in aller Ruhe zu entspannen. Die M\u00f6glichkeit, ein drittes Bett hinzuzuf\u00fcgen, bietet zus\u00e4tzliche Flexibilit\u00e4t f\u00fcr Paare mit Kind.<\/p>\n<p>Unsere Wellness-Suite im charakteristischen Stil unseres Hauses mit Design-Motiven und einem eleganten Kronleuchter verspricht Ihnen einen unvergesslichen Aufenthalt, der unseren 4-Sterne-Superior-Standards entspricht.<\/p>\n<p>Buchen Sie jetzt und g\u00f6nnen Sie sich ein au\u00dfergew\u00f6hnliches Wellness-Erlebnis im Boutique Hotel Clervaux.<\/p>\n<p><em>Hinweis: Da der Zugang zum <a href=\"https:\/\/excellence-group.lu\/spa\">SPA Cinq Mondes<\/a> bei Ihrem Aufenthalt im Hotel systematisch inbegriffen ist, liegen in Ihrer Wellness-Suite Badem\u00e4ntel f\u00fcr Sie bereit.<\/em><\/p>\n","protected":false},"excerpt":{"rendered":"<p>Entdecken Sie unsere Wellness-Suite im Boutique Hotel Clervaux, eine Einladung zu Entspannung und Komfort in einem raffinierten Rahmen. Im Herzen dieser Suite befindet sich ein pr\u00e4chtiges Badezimmer, das mit einer trendigen italienischen Dusche und einer ger\u00e4umigen Duo-Badewanne mit Sprudelbadfunktion Entspannung vom Feinsten bietet. Das Schlafzimmer, eingerichtet mit einem gro\u00dfen Doppelbett mit allem Komfort und einem [&hellip;]<\/p>\n","protected":false},"author":399,"featured_media":1161,"parent":227,"menu_order":0,"comment_status":"closed","ping_status":"closed","template":"template-single-room.php","meta":{"footnotes":""},"class_list":["post-1170","page","type-page","status-publish","has-post-thumbnail","hentry"],"yoast_head":"<!-- This site is optimized with the Yoast SEO plugin v26.9 - https:\/\/yoast.com\/product\/yoast-seo-wordpress\/ -->\n<title>Suite Wellness - Le Clervaux Boutique Design Hotel<\/title>\n<meta name=\"description\" content=\"Mit seinem Duo-Sprudelbad entdecken Sie die Wellness-Suite im Boutique Hotel Clervaux, einem 4-Sterne-SuP-Spa-Hotel im Norden Luxemburgs.\" \/>\n<meta name=\"robots\" content=\"index, follow, max-snippet:-1, max-image-preview:large, max-video-preview:-1\" \/>\n<link rel=\"canonical\" href=\"https:\/\/le-clervaux.excellence-group.lu\/de\/suiten\/suite-wellness\/\" \/>\n<meta property=\"og:locale\" content=\"de_DE\" \/>\n<meta property=\"og:type\" content=\"article\" \/>\n<meta property=\"og:title\" content=\"Suite Wellness - Le Clervaux Boutique Design Hotel\" \/>\n<meta property=\"og:description\" content=\"Mit seinem Duo-Sprudelbad entdecken Sie die Wellness-Suite im Boutique Hotel Clervaux, einem 4-Sterne-SuP-Spa-Hotel im Norden Luxemburgs.\" \/>\n<meta property=\"og:url\" content=\"https:\/\/le-clervaux.excellence-group.lu\/de\/suiten\/suite-wellness\/\" \/>\n<meta property=\"og:site_name\" content=\"Le Clervaux Boutique Design Hotel\" \/>\n<meta property=\"article:modified_time\" content=\"2025-09-02T10:21:44+00:00\" \/>\n<meta property=\"og:image\" content=\"https:\/\/le-clervaux.excellence-group.lu\/wp-content\/uploads\/sites\/388\/2024\/05\/clervaux-boutique-hotel_suite_BD_28.jpg\" \/>\n\t<meta property=\"og:image:width\" content=\"1500\" \/>\n\t<meta property=\"og:image:height\" content=\"1000\" \/>\n\t<meta property=\"og:image:type\" content=\"image\/jpeg\" \/>\n<meta name=\"twitter:card\" content=\"summary_large_image\" \/>\n<meta name=\"twitter:label1\" content=\"Gesch\u00e4tzte Lesezeit\" \/>\n\t<meta name=\"twitter:data1\" content=\"2 Minuten\" \/>\n<script type=\"application\/ld+json\" class=\"yoast-schema-graph\">{\"@context\":\"https:\/\/schema.org\",\"@graph\":[{\"@type\":\"WebPage\",\"@id\":\"https:\/\/le-clervaux.excellence-group.lu\/de\/suiten\/suite-wellness\/\",\"url\":\"https:\/\/le-clervaux.excellence-group.lu\/de\/suiten\/suite-wellness\/\",\"name\":\"Suite Wellness - Le Clervaux Boutique Design Hotel\",\"isPartOf\":{\"@id\":\"https:\/\/le-clervaux.excellence-group.lu\/de\/#website\"},\"primaryImageOfPage\":{\"@id\":\"https:\/\/le-clervaux.excellence-group.lu\/de\/suiten\/suite-wellness\/#primaryimage\"},\"image\":{\"@id\":\"https:\/\/le-clervaux.excellence-group.lu\/de\/suiten\/suite-wellness\/#primaryimage\"},\"thumbnailUrl\":\"https:\/\/le-clervaux.excellence-group.lu\/wp-content\/uploads\/sites\/388\/2024\/05\/clervaux-boutique-hotel_suite_BD_28.jpg\",\"datePublished\":\"2024-05-13T06:44:38+00:00\",\"dateModified\":\"2025-09-02T10:21:44+00:00\",\"description\":\"Mit seinem Duo-Sprudelbad entdecken Sie die Wellness-Suite im Boutique Hotel Clervaux, einem 4-Sterne-SuP-Spa-Hotel im Norden Luxemburgs.\",\"breadcrumb\":{\"@id\":\"https:\/\/le-clervaux.excellence-group.lu\/de\/suiten\/suite-wellness\/#breadcrumb\"},\"inLanguage\":\"de-DE\",\"potentialAction\":[{\"@type\":\"ReadAction\",\"target\":[\"https:\/\/le-clervaux.excellence-group.lu\/de\/suiten\/suite-wellness\/\"]}]},{\"@type\":\"ImageObject\",\"inLanguage\":\"de-DE\",\"@id\":\"https:\/\/le-clervaux.excellence-group.lu\/de\/suiten\/suite-wellness\/#primaryimage\",\"url\":\"https:\/\/le-clervaux.excellence-group.lu\/wp-content\/uploads\/sites\/388\/2024\/05\/clervaux-boutique-hotel_suite_BD_28.jpg\",\"contentUrl\":\"https:\/\/le-clervaux.excellence-group.lu\/wp-content\/uploads\/sites\/388\/2024\/05\/clervaux-boutique-hotel_suite_BD_28.jpg\",\"width\":1500,\"height\":1000},{\"@type\":\"BreadcrumbList\",\"@id\":\"https:\/\/le-clervaux.excellence-group.lu\/de\/suiten\/suite-wellness\/#breadcrumb\",\"itemListElement\":[{\"@type\":\"ListItem\",\"position\":1,\"name\":\"Home\",\"item\":\"https:\/\/le-clervaux.excellence-group.lu\/de\/\"},{\"@type\":\"ListItem\",\"position\":2,\"name\":\"Nos suites\",\"item\":\"https:\/\/le-clervaux.excellence-group.lu\/de\/suiten\/\"},{\"@type\":\"ListItem\",\"position\":3,\"name\":\"Suite Wellness\"}]},{\"@type\":\"WebSite\",\"@id\":\"https:\/\/le-clervaux.excellence-group.lu\/de\/#website\",\"url\":\"https:\/\/le-clervaux.excellence-group.lu\/de\/\",\"name\":\"Le Clervaux Boutique Design Hotel\",\"description\":\"Just another ms.decms.eu site\",\"potentialAction\":[{\"@type\":\"SearchAction\",\"target\":{\"@type\":\"EntryPoint\",\"urlTemplate\":\"https:\/\/le-clervaux.excellence-group.lu\/de\/?s={search_term_string}\"},\"query-input\":{\"@type\":\"PropertyValueSpecification\",\"valueRequired\":true,\"valueName\":\"search_term_string\"}}],\"inLanguage\":\"de-DE\"}]}<\/script>\n<!-- \/ Yoast SEO plugin. -->","yoast_head_json":{"title":"Suite Wellness - Le Clervaux Boutique Design Hotel","description":"Mit seinem Duo-Sprudelbad entdecken Sie die Wellness-Suite im Boutique Hotel Clervaux, einem 4-Sterne-SuP-Spa-Hotel im Norden Luxemburgs.","robots":{"index":"index","follow":"follow","max-snippet":"max-snippet:-1","max-image-preview":"max-image-preview:large","max-video-preview":"max-video-preview:-1"},"canonical":"https:\/\/le-clervaux.excellence-group.lu\/de\/suiten\/suite-wellness\/","og_locale":"de_DE","og_type":"article","og_title":"Suite Wellness - Le Clervaux Boutique Design Hotel","og_description":"Mit seinem Duo-Sprudelbad entdecken Sie die Wellness-Suite im Boutique Hotel Clervaux, einem 4-Sterne-SuP-Spa-Hotel im Norden Luxemburgs.","og_url":"https:\/\/le-clervaux.excellence-group.lu\/de\/suiten\/suite-wellness\/","og_site_name":"Le Clervaux Boutique Design Hotel","article_modified_time":"2025-09-02T10:21:44+00:00","og_image":[{"width":1500,"height":1000,"url":"https:\/\/le-clervaux.excellence-group.lu\/wp-content\/uploads\/sites\/388\/2024\/05\/clervaux-boutique-hotel_suite_BD_28.jpg","type":"image\/jpeg"}],"twitter_card":"summary_large_image","twitter_misc":{"Gesch\u00e4tzte Lesezeit":"2 Minuten"},"schema":{"@context":"https:\/\/schema.org","@graph":[{"@type":"WebPage","@id":"https:\/\/le-clervaux.excellence-group.lu\/de\/suiten\/suite-wellness\/","url":"https:\/\/le-clervaux.excellence-group.lu\/de\/suiten\/suite-wellness\/","name":"Suite Wellness - Le Clervaux Boutique Design Hotel","isPartOf":{"@id":"https:\/\/le-clervaux.excellence-group.lu\/de\/#website"},"primaryImageOfPage":{"@id":"https:\/\/le-clervaux.excellence-group.lu\/de\/suiten\/suite-wellness\/#primaryimage"},"image":{"@id":"https:\/\/le-clervaux.excellence-group.lu\/de\/suiten\/suite-wellness\/#primaryimage"},"thumbnailUrl":"https:\/\/le-clervaux.excellence-group.lu\/wp-content\/uploads\/sites\/388\/2024\/05\/clervaux-boutique-hotel_suite_BD_28.jpg","datePublished":"2024-05-13T06:44:38+00:00","dateModified":"2025-09-02T10:21:44+00:00","description":"Mit seinem Duo-Sprudelbad entdecken Sie die Wellness-Suite im Boutique Hotel Clervaux, einem 4-Sterne-SuP-Spa-Hotel im Norden Luxemburgs.","breadcrumb":{"@id":"https:\/\/le-clervaux.excellence-group.lu\/de\/suiten\/suite-wellness\/#breadcrumb"},"inLanguage":"de-DE","potentialAction":[{"@type":"ReadAction","target":["https:\/\/le-clervaux.excellence-group.lu\/de\/suiten\/suite-wellness\/"]}]},{"@type":"ImageObject","inLanguage":"de-DE","@id":"https:\/\/le-clervaux.excellence-group.lu\/de\/suiten\/suite-wellness\/#primaryimage","url":"https:\/\/le-clervaux.excellence-group.lu\/wp-content\/uploads\/sites\/388\/2024\/05\/clervaux-boutique-hotel_suite_BD_28.jpg","contentUrl":"https:\/\/le-clervaux.excellence-group.lu\/wp-content\/uploads\/sites\/388\/2024\/05\/clervaux-boutique-hotel_suite_BD_28.jpg","width":1500,"height":1000},{"@type":"BreadcrumbList","@id":"https:\/\/le-clervaux.excellence-group.lu\/de\/suiten\/suite-wellness\/#breadcrumb","itemListElement":[{"@type":"ListItem","position":1,"name":"Home","item":"https:\/\/le-clervaux.excellence-group.lu\/de\/"},{"@type":"ListItem","position":2,"name":"Nos suites","item":"https:\/\/le-clervaux.excellence-group.lu\/de\/suiten\/"},{"@type":"ListItem","position":3,"name":"Suite Wellness"}]},{"@type":"WebSite","@id":"https:\/\/le-clervaux.excellence-group.lu\/de\/#website","url":"https:\/\/le-clervaux.excellence-group.lu\/de\/","name":"Le Clervaux Boutique Design Hotel","description":"Just another ms.decms.eu site","potentialAction":[{"@type":"SearchAction","target":{"@type":"EntryPoint","urlTemplate":"https:\/\/le-clervaux.excellence-group.lu\/de\/?s={search_term_string}"},"query-input":{"@type":"PropertyValueSpecification","valueRequired":true,"valueName":"search_term_string"}}],"inLanguage":"de-DE"}]}},"acf":[],"_links":{"self":[{"href":"https:\/\/le-clervaux.excellence-group.lu\/de\/wp-json\/wp\/v2\/pages\/1170","targetHints":{"allow":["GET"]}}],"collection":[{"href":"https:\/\/le-clervaux.excellence-group.lu\/de\/wp-json\/wp\/v2\/pages"}],"about":[{"href":"https:\/\/le-clervaux.excellence-group.lu\/de\/wp-json\/wp\/v2\/types\/page"}],"author":[{"embeddable":true,"href":"https:\/\/le-clervaux.excellence-group.lu\/de\/wp-json\/wp\/v2\/users\/399"}],"replies":[{"embeddable":true,"href":"https:\/\/le-clervaux.excellence-group.lu\/de\/wp-json\/wp\/v2\/comments?post=1170"}],"version-history":[{"count":0,"href":"https:\/\/le-clervaux.excellence-group.lu\/de\/wp-json\/wp\/v2\/pages\/1170\/revisions"}],"up":[{"embeddable":true,"href":"https:\/\/le-clervaux.excellence-group.lu\/de\/wp-json\/wp\/v2\/pages\/227"}],"wp:featuredmedia":[{"embeddable":true,"href":"https:\/\/le-clervaux.excellence-group.lu\/de\/wp-json\/wp\/v2\/media\/1161"}],"wp:attachment":[{"href":"https:\/\/le-clervaux.excellence-group.lu\/de\/wp-json\/wp\/v2\/media?parent=1170"}],"curies":[{"name":"wp","href":"https:\/\/api.w.org\/{rel}","templated":true}]}}