{"id":209,"date":"2021-03-29T17:52:07","date_gmt":"2021-03-29T17:52:07","guid":{"rendered":"https:\/\/le-clervaux.ms.decms.eu\/le-clervaux\/"},"modified":"2024-10-21T14:29:01","modified_gmt":"2024-10-21T14:29:01","slug":"le-clervaux","status":"publish","type":"page","link":"https:\/\/le-clervaux.excellence-group.lu\/de\/","title":{"rendered":"Le Clervaux****S"},"content":{"rendered":"<p><em><strong>Romantische Auszeit im Clervaux Boutique Hotel<\/strong><\/em><\/p>\n<p>Tauchen Sie ein in eine Welt voller Luxus und Raffinesse im Clervaux Boutique Hotel, einer exklusiven Adresse im Herzen der luxemburgischen Ardennen. Mit seinen 22 elegant gestalteten Suiten bietet dieses Hotel mit Wellnessbereich im Norden Luxemburgs eine unvergessliche Auszeit f\u00fcr Reisende, die auf der Suche nach einem einzigartigen und authentischen Hotelerlebnis sind.<\/p>\n<p><em><img loading=\"lazy\" decoding=\"async\" class=\"alignnone size-full wp-image-1243\" src=\"https:\/\/le-clervaux.excellence-group.lu\/wp-content\/uploads\/sites\/388\/2024\/07\/hotel-4-etoiles-acces-spa-offert-luxembourg-1.png\" alt=\"\" width=\"40\" height=\"50\" \/> Wenn Sie direkt \u00fcber unsere <a href=\"https:\/\/www.secure-hotel-booking.com\/Le-Clervaux-Boutique-Design-Hotel\/JRF2\/de-DE\">Website buchen<\/a>, ist der <strong>Zugang zum SPA<\/strong> w\u00e4hrend Ihres gesamten Aufenthalts <strong>GESCHENKT.<\/strong><\/em><\/p>\n<p>Ein 4-Sterne-Superior-Hotel mit zeitlosem Charme<\/p>\n<p>Mit seinem aufmerksamen Service und seinen erstklassigen Leistungen ist das Clervaux Boutique Hotel stolz darauf, die Auszeichnung 4 Sterne Superior zu tragen, die jedem Besucher ein Hotelerlebnis voller Luxus und Eleganz garantiert.<\/p>\n<p>Lassen Sie sich bei Ihrer Ankunft von der bezaubernden Atmosph\u00e4re dieses zeitlos charmanten Hotels verzaubern. Seine Art-D\u00e9co-Architektur mit barocken Akzenten schafft einen eleganten und anspruchsvollen Rahmen, in dem jedes Detail von au\u00dfergew\u00f6hnlicher Handwerkskunst zeugt.<\/p>\n","protected":false},"excerpt":{"rendered":"<p>Romantische Auszeit im Clervaux Boutique Hotel Tauchen Sie ein in eine Welt voller Luxus und Raffinesse im Clervaux Boutique Hotel, einer exklusiven Adresse im Herzen der luxemburgischen Ardennen. Mit seinen 22 elegant gestalteten Suiten bietet dieses Hotel mit Wellnessbereich im Norden Luxemburgs eine unvergessliche Auszeit f\u00fcr Reisende, die auf der Suche nach einem einzigartigen und [&hellip;]<\/p>\n","protected":false},"author":60,"featured_media":679,"parent":0,"menu_order":0,"comment_status":"closed","ping_status":"closed","template":"","meta":{"footnotes":""},"class_list":["post-209","page","type-page","status-publish","has-post-thumbnail","hentry"],"yoast_head":"<!-- This site is optimized with the Yoast SEO plugin v26.9 - https:\/\/yoast.com\/product\/yoast-seo-wordpress\/ -->\n<title>Clervaux Boutique Hotel<\/title>\n<meta name=\"description\" content=\"Entdecken Sie das Clervaux Boutique Hotel und seine 22 Suiten, ein 4-Sterne-Superior-Hotel mit Wellness-Spa inklusive im Norden von Luxemburg\" \/>\n<meta name=\"robots\" content=\"index, follow, max-snippet:-1, max-image-preview:large, max-video-preview:-1\" \/>\n<link rel=\"canonical\" href=\"https:\/\/le-clervaux.excellence-group.lu\/de\/\" \/>\n<meta property=\"og:locale\" content=\"de_DE\" \/>\n<meta property=\"og:type\" content=\"article\" \/>\n<meta property=\"og:title\" content=\"Clervaux Boutique Hotel\" \/>\n<meta property=\"og:description\" content=\"Entdecken Sie das Clervaux Boutique Hotel und seine 22 Suiten, ein 4-Sterne-Superior-Hotel mit Wellness-Spa inklusive im Norden von Luxemburg\" \/>\n<meta property=\"og:url\" content=\"https:\/\/le-clervaux.excellence-group.lu\/de\/\" \/>\n<meta property=\"og:site_name\" content=\"Le Clervaux Boutique Design Hotel\" \/>\n<meta property=\"article:modified_time\" content=\"2024-10-21T14:29:01+00:00\" \/>\n<meta property=\"og:image\" content=\"https:\/\/le-clervaux.excellence-group.lu\/wp-content\/uploads\/sites\/388\/2022\/02\/DSC_9049-HDR-1-1024x683.jpg\" \/>\n\t<meta property=\"og:image:width\" content=\"1024\" \/>\n\t<meta property=\"og:image:height\" content=\"683\" \/>\n\t<meta property=\"og:image:type\" content=\"image\/jpeg\" \/>\n<meta name=\"twitter:card\" content=\"summary_large_image\" \/>\n<meta name=\"twitter:label1\" content=\"Gesch\u00e4tzte Lesezeit\" \/>\n\t<meta name=\"twitter:data1\" content=\"2 Minuten\" \/>\n<script type=\"application\/ld+json\" class=\"yoast-schema-graph\">{\"@context\":\"https:\/\/schema.org\",\"@graph\":[{\"@type\":\"WebPage\",\"@id\":\"https:\/\/le-clervaux.excellence-group.lu\/de\/\",\"url\":\"https:\/\/le-clervaux.excellence-group.lu\/de\/\",\"name\":\"Clervaux Boutique Hotel\",\"isPartOf\":{\"@id\":\"https:\/\/le-clervaux.excellence-group.lu\/de\/#website\"},\"primaryImageOfPage\":{\"@id\":\"https:\/\/le-clervaux.excellence-group.lu\/de\/#primaryimage\"},\"image\":{\"@id\":\"https:\/\/le-clervaux.excellence-group.lu\/de\/#primaryimage\"},\"thumbnailUrl\":\"https:\/\/le-clervaux.excellence-group.lu\/wp-content\/uploads\/sites\/388\/2022\/02\/DSC_9049-HDR-1.jpg\",\"datePublished\":\"2021-03-29T17:52:07+00:00\",\"dateModified\":\"2024-10-21T14:29:01+00:00\",\"description\":\"Entdecken Sie das Clervaux Boutique Hotel und seine 22 Suiten, ein 4-Sterne-Superior-Hotel mit Wellness-Spa inklusive im Norden von Luxemburg\",\"breadcrumb\":{\"@id\":\"https:\/\/le-clervaux.excellence-group.lu\/de\/#breadcrumb\"},\"inLanguage\":\"de-DE\",\"potentialAction\":[{\"@type\":\"ReadAction\",\"target\":[\"https:\/\/le-clervaux.excellence-group.lu\/de\/\"]}]},{\"@type\":\"ImageObject\",\"inLanguage\":\"de-DE\",\"@id\":\"https:\/\/le-clervaux.excellence-group.lu\/de\/#primaryimage\",\"url\":\"https:\/\/le-clervaux.excellence-group.lu\/wp-content\/uploads\/sites\/388\/2022\/02\/DSC_9049-HDR-1.jpg\",\"contentUrl\":\"https:\/\/le-clervaux.excellence-group.lu\/wp-content\/uploads\/sites\/388\/2022\/02\/DSC_9049-HDR-1.jpg\",\"width\":2560,\"height\":1709,\"caption\":\"Boutique Hotel Clervaux avec spa inclus au Nord du Luxembourg\"},{\"@type\":\"BreadcrumbList\",\"@id\":\"https:\/\/le-clervaux.excellence-group.lu\/de\/#breadcrumb\",\"itemListElement\":[{\"@type\":\"ListItem\",\"position\":1,\"name\":\"Home\",\"item\":\"https:\/\/le-clervaux.excellence-group.lu\/de\/\"},{\"@type\":\"ListItem\",\"position\":2,\"name\":\"Le Clervaux****S\"}]},{\"@type\":\"WebSite\",\"@id\":\"https:\/\/le-clervaux.excellence-group.lu\/de\/#website\",\"url\":\"https:\/\/le-clervaux.excellence-group.lu\/de\/\",\"name\":\"Le Clervaux Boutique Design Hotel\",\"description\":\"Just another ms.decms.eu site\",\"potentialAction\":[{\"@type\":\"SearchAction\",\"target\":{\"@type\":\"EntryPoint\",\"urlTemplate\":\"https:\/\/le-clervaux.excellence-group.lu\/de\/?s={search_term_string}\"},\"query-input\":{\"@type\":\"PropertyValueSpecification\",\"valueRequired\":true,\"valueName\":\"search_term_string\"}}],\"inLanguage\":\"de-DE\"}]}<\/script>\n<!-- \/ Yoast SEO plugin. -->","yoast_head_json":{"title":"Clervaux Boutique Hotel","description":"Entdecken Sie das Clervaux Boutique Hotel und seine 22 Suiten, ein 4-Sterne-Superior-Hotel mit Wellness-Spa inklusive im Norden von Luxemburg","robots":{"index":"index","follow":"follow","max-snippet":"max-snippet:-1","max-image-preview":"max-image-preview:large","max-video-preview":"max-video-preview:-1"},"canonical":"https:\/\/le-clervaux.excellence-group.lu\/de\/","og_locale":"de_DE","og_type":"article","og_title":"Clervaux Boutique Hotel","og_description":"Entdecken Sie das Clervaux Boutique Hotel und seine 22 Suiten, ein 4-Sterne-Superior-Hotel mit Wellness-Spa inklusive im Norden von Luxemburg","og_url":"https:\/\/le-clervaux.excellence-group.lu\/de\/","og_site_name":"Le Clervaux Boutique Design Hotel","article_modified_time":"2024-10-21T14:29:01+00:00","og_image":[{"width":1024,"height":683,"url":"https:\/\/le-clervaux.excellence-group.lu\/wp-content\/uploads\/sites\/388\/2022\/02\/DSC_9049-HDR-1-1024x683.jpg","type":"image\/jpeg"}],"twitter_card":"summary_large_image","twitter_misc":{"Gesch\u00e4tzte Lesezeit":"2 Minuten"},"schema":{"@context":"https:\/\/schema.org","@graph":[{"@type":"WebPage","@id":"https:\/\/le-clervaux.excellence-group.lu\/de\/","url":"https:\/\/le-clervaux.excellence-group.lu\/de\/","name":"Clervaux Boutique Hotel","isPartOf":{"@id":"https:\/\/le-clervaux.excellence-group.lu\/de\/#website"},"primaryImageOfPage":{"@id":"https:\/\/le-clervaux.excellence-group.lu\/de\/#primaryimage"},"image":{"@id":"https:\/\/le-clervaux.excellence-group.lu\/de\/#primaryimage"},"thumbnailUrl":"https:\/\/le-clervaux.excellence-group.lu\/wp-content\/uploads\/sites\/388\/2022\/02\/DSC_9049-HDR-1.jpg","datePublished":"2021-03-29T17:52:07+00:00","dateModified":"2024-10-21T14:29:01+00:00","description":"Entdecken Sie das Clervaux Boutique Hotel und seine 22 Suiten, ein 4-Sterne-Superior-Hotel mit Wellness-Spa inklusive im Norden von Luxemburg","breadcrumb":{"@id":"https:\/\/le-clervaux.excellence-group.lu\/de\/#breadcrumb"},"inLanguage":"de-DE","potentialAction":[{"@type":"ReadAction","target":["https:\/\/le-clervaux.excellence-group.lu\/de\/"]}]},{"@type":"ImageObject","inLanguage":"de-DE","@id":"https:\/\/le-clervaux.excellence-group.lu\/de\/#primaryimage","url":"https:\/\/le-clervaux.excellence-group.lu\/wp-content\/uploads\/sites\/388\/2022\/02\/DSC_9049-HDR-1.jpg","contentUrl":"https:\/\/le-clervaux.excellence-group.lu\/wp-content\/uploads\/sites\/388\/2022\/02\/DSC_9049-HDR-1.jpg","width":2560,"height":1709,"caption":"Boutique Hotel Clervaux avec spa inclus au Nord du Luxembourg"},{"@type":"BreadcrumbList","@id":"https:\/\/le-clervaux.excellence-group.lu\/de\/#breadcrumb","itemListElement":[{"@type":"ListItem","position":1,"name":"Home","item":"https:\/\/le-clervaux.excellence-group.lu\/de\/"},{"@type":"ListItem","position":2,"name":"Le Clervaux****S"}]},{"@type":"WebSite","@id":"https:\/\/le-clervaux.excellence-group.lu\/de\/#website","url":"https:\/\/le-clervaux.excellence-group.lu\/de\/","name":"Le Clervaux Boutique Design Hotel","description":"Just another ms.decms.eu site","potentialAction":[{"@type":"SearchAction","target":{"@type":"EntryPoint","urlTemplate":"https:\/\/le-clervaux.excellence-group.lu\/de\/?s={search_term_string}"},"query-input":{"@type":"PropertyValueSpecification","valueRequired":true,"valueName":"search_term_string"}}],"inLanguage":"de-DE"}]}},"acf":[],"_links":{"self":[{"href":"https:\/\/le-clervaux.excellence-group.lu\/de\/wp-json\/wp\/v2\/pages\/209","targetHints":{"allow":["GET"]}}],"collection":[{"href":"https:\/\/le-clervaux.excellence-group.lu\/de\/wp-json\/wp\/v2\/pages"}],"about":[{"href":"https:\/\/le-clervaux.excellence-group.lu\/de\/wp-json\/wp\/v2\/types\/page"}],"author":[{"embeddable":true,"href":"https:\/\/le-clervaux.excellence-group.lu\/de\/wp-json\/wp\/v2\/users\/60"}],"replies":[{"embeddable":true,"href":"https:\/\/le-clervaux.excellence-group.lu\/de\/wp-json\/wp\/v2\/comments?post=209"}],"version-history":[{"count":0,"href":"https:\/\/le-clervaux.excellence-group.lu\/de\/wp-json\/wp\/v2\/pages\/209\/revisions"}],"wp:featuredmedia":[{"embeddable":true,"href":"https:\/\/le-clervaux.excellence-group.lu\/de\/wp-json\/wp\/v2\/media\/679"}],"wp:attachment":[{"href":"https:\/\/le-clervaux.excellence-group.lu\/de\/wp-json\/wp\/v2\/media?parent=209"}],"curies":[{"name":"wp","href":"https:\/\/api.w.org\/{rel}","templated":true}]}}