{"id":221,"date":"2021-03-29T19:05:55","date_gmt":"2021-03-29T19:05:55","guid":{"rendered":"https:\/\/le-clervaux.ms.decms.eu\/spa\/"},"modified":"2023-02-03T09:47:18","modified_gmt":"2023-02-03T09:47:18","slug":"spa","status":"publish","type":"page","link":"https:\/\/le-clervaux.excellence-group.lu\/de\/spa\/","title":{"rendered":"Unser Spa"},"content":{"rendered":"<p style=\"text-align: center\">Entspannen Sie sich in unserem Spa Cinq Mondes, 800m\u00b2, die der Entspannung und dem Wohlbefinden gewidmet sind.<\/p>\n<p style=\"text-align: center\">Hallenbad mit Wasserfall und Whirlpool, Saunawelt: Infrarotkabine, Sauna, Hammam, Kneipbecken, Salzgrotte, Entspannungsbereich, Fitnessraum, Beauty-Boutique, Behandlungs-Bereich f\u00fcr Sch\u00f6nheit und Pflege (5 Kabinen)<br \/>\nDas kleine Extra: Genie\u00dfen Sie als Paar oder unter Freunden einen besonderen Moment zu zweit dank unserer \u201aDuo\u2018-Kabinen!<\/p>\n<p style=\"text-align: center\"><a href=\"https:\/\/www.excellence-hotels.com\/spa\/\">Entdecken Sie das Spa Cinq Mondes<\/a><\/p>\n<p style=\"text-align: center\">Lust auf einen Moment der Entspannung? Lassen Sie sich von den erfahrenen H\u00e4nden unseres Teams verw\u00f6hnen.<\/p>\n<p style=\"text-align: center\">Unsere Kosmetikerinnen stimmen jede Pflege auf Ihre Bed\u00fcrfnisse und Ihren Hauttyp ab.<\/p>\n<p style=\"text-align: center\"><a href=\"https:\/\/www.excellence-hotels.com\/wp-content\/uploads\/sites\/281\/2022\/12\/Brochure-SPA-2023.pdf\">Die Pflegekartes<\/a><\/p>\n","protected":false},"excerpt":{"rendered":"<p>Entspannen Sie sich in unserem Spa Cinq Mondes, 800m\u00b2, die der Entspannung und dem Wohlbefinden gewidmet sind. Hallenbad mit Wasserfall und Whirlpool, Saunawelt: Infrarotkabine, Sauna, Hammam, Kneipbecken, Salzgrotte, Entspannungsbereich, Fitnessraum, Beauty-Boutique, Behandlungs-Bereich f\u00fcr Sch\u00f6nheit und Pflege (5 Kabinen) Das kleine Extra: Genie\u00dfen Sie als Paar oder unter Freunden einen besonderen Moment zu zweit dank unserer [&hellip;]<\/p>\n","protected":false},"author":5,"featured_media":222,"parent":0,"menu_order":0,"comment_status":"closed","ping_status":"closed","template":"template-default-2.php","meta":{"footnotes":""},"class_list":["post-221","page","type-page","status-publish","has-post-thumbnail","hentry"],"yoast_head":"<!-- This site is optimized with the Yoast SEO plugin v26.9 - https:\/\/yoast.com\/product\/yoast-seo-wordpress\/ -->\n<title>Unser Spa - Le Clervaux Boutique Design Hotel<\/title>\n<meta name=\"robots\" content=\"noindex, follow\" \/>\n<meta property=\"og:locale\" content=\"de_DE\" \/>\n<meta property=\"og:type\" content=\"article\" \/>\n<meta property=\"og:title\" content=\"Unser Spa - Le Clervaux Boutique Design Hotel\" \/>\n<meta property=\"og:description\" content=\"Entspannen Sie sich in unserem Spa Cinq Mondes, 800m\u00b2, die der Entspannung und dem Wohlbefinden gewidmet sind. Hallenbad mit Wasserfall und Whirlpool, Saunawelt: Infrarotkabine, Sauna, Hammam, Kneipbecken, Salzgrotte, Entspannungsbereich, Fitnessraum, Beauty-Boutique, Behandlungs-Bereich f\u00fcr Sch\u00f6nheit und Pflege (5 Kabinen) Das kleine Extra: Genie\u00dfen Sie als Paar oder unter Freunden einen besonderen Moment zu zweit dank unserer [&hellip;]\" \/>\n<meta property=\"og:url\" content=\"https:\/\/le-clervaux.excellence-group.lu\/de\/spa\/\" \/>\n<meta property=\"og:site_name\" content=\"Le Clervaux Boutique Design Hotel\" \/>\n<meta property=\"article:modified_time\" content=\"2023-02-03T09:47:18+00:00\" \/>\n<meta property=\"og:image\" content=\"https:\/\/le-clervaux.excellence-group.lu\/wp-content\/uploads\/sites\/388\/2021\/05\/th_Espace-Wellness1.jpg\" \/>\n\t<meta property=\"og:image:width\" content=\"1000\" \/>\n\t<meta property=\"og:image:height\" content=\"666\" \/>\n\t<meta property=\"og:image:type\" content=\"image\/jpeg\" \/>\n<meta name=\"twitter:card\" content=\"summary_large_image\" \/>\n<meta name=\"twitter:label1\" content=\"Gesch\u00e4tzte Lesezeit\" \/>\n\t<meta name=\"twitter:data1\" content=\"1 Minute\" \/>\n<script type=\"application\/ld+json\" class=\"yoast-schema-graph\">{\"@context\":\"https:\/\/schema.org\",\"@graph\":[{\"@type\":\"WebPage\",\"@id\":\"https:\/\/le-clervaux.excellence-group.lu\/de\/spa\/\",\"url\":\"https:\/\/le-clervaux.excellence-group.lu\/de\/spa\/\",\"name\":\"Unser Spa - Le Clervaux Boutique Design Hotel\",\"isPartOf\":{\"@id\":\"https:\/\/le-clervaux.excellence-group.lu\/de\/#website\"},\"primaryImageOfPage\":{\"@id\":\"https:\/\/le-clervaux.excellence-group.lu\/de\/spa\/#primaryimage\"},\"image\":{\"@id\":\"https:\/\/le-clervaux.excellence-group.lu\/de\/spa\/#primaryimage\"},\"thumbnailUrl\":\"https:\/\/le-clervaux.excellence-group.lu\/wp-content\/uploads\/sites\/388\/2021\/05\/th_Espace-Wellness1.jpg\",\"datePublished\":\"2021-03-29T19:05:55+00:00\",\"dateModified\":\"2023-02-03T09:47:18+00:00\",\"breadcrumb\":{\"@id\":\"https:\/\/le-clervaux.excellence-group.lu\/de\/spa\/#breadcrumb\"},\"inLanguage\":\"de-DE\",\"potentialAction\":[{\"@type\":\"ReadAction\",\"target\":[\"https:\/\/le-clervaux.excellence-group.lu\/de\/spa\/\"]}]},{\"@type\":\"ImageObject\",\"inLanguage\":\"de-DE\",\"@id\":\"https:\/\/le-clervaux.excellence-group.lu\/de\/spa\/#primaryimage\",\"url\":\"https:\/\/le-clervaux.excellence-group.lu\/wp-content\/uploads\/sites\/388\/2021\/05\/th_Espace-Wellness1.jpg\",\"contentUrl\":\"https:\/\/le-clervaux.excellence-group.lu\/wp-content\/uploads\/sites\/388\/2021\/05\/th_Espace-Wellness1.jpg\",\"width\":1000,\"height\":666,\"caption\":\"Le Clervaux Boutique & Design Hotel ****S\"},{\"@type\":\"BreadcrumbList\",\"@id\":\"https:\/\/le-clervaux.excellence-group.lu\/de\/spa\/#breadcrumb\",\"itemListElement\":[{\"@type\":\"ListItem\",\"position\":1,\"name\":\"Home\",\"item\":\"https:\/\/le-clervaux.excellence-group.lu\/de\/\"},{\"@type\":\"ListItem\",\"position\":2,\"name\":\"Unser Spa\"}]},{\"@type\":\"WebSite\",\"@id\":\"https:\/\/le-clervaux.excellence-group.lu\/de\/#website\",\"url\":\"https:\/\/le-clervaux.excellence-group.lu\/de\/\",\"name\":\"Le Clervaux Boutique Design Hotel\",\"description\":\"Just another ms.decms.eu site\",\"potentialAction\":[{\"@type\":\"SearchAction\",\"target\":{\"@type\":\"EntryPoint\",\"urlTemplate\":\"https:\/\/le-clervaux.excellence-group.lu\/de\/?s={search_term_string}\"},\"query-input\":{\"@type\":\"PropertyValueSpecification\",\"valueRequired\":true,\"valueName\":\"search_term_string\"}}],\"inLanguage\":\"de-DE\"}]}<\/script>\n<!-- \/ Yoast SEO plugin. -->","yoast_head_json":{"title":"Unser Spa - Le Clervaux Boutique Design Hotel","robots":{"index":"noindex","follow":"follow"},"og_locale":"de_DE","og_type":"article","og_title":"Unser Spa - Le Clervaux Boutique Design Hotel","og_description":"Entspannen Sie sich in unserem Spa Cinq Mondes, 800m\u00b2, die der Entspannung und dem Wohlbefinden gewidmet sind. Hallenbad mit Wasserfall und Whirlpool, Saunawelt: Infrarotkabine, Sauna, Hammam, Kneipbecken, Salzgrotte, Entspannungsbereich, Fitnessraum, Beauty-Boutique, Behandlungs-Bereich f\u00fcr Sch\u00f6nheit und Pflege (5 Kabinen) Das kleine Extra: Genie\u00dfen Sie als Paar oder unter Freunden einen besonderen Moment zu zweit dank unserer [&hellip;]","og_url":"https:\/\/le-clervaux.excellence-group.lu\/de\/spa\/","og_site_name":"Le Clervaux Boutique Design Hotel","article_modified_time":"2023-02-03T09:47:18+00:00","og_image":[{"width":1000,"height":666,"url":"https:\/\/le-clervaux.excellence-group.lu\/wp-content\/uploads\/sites\/388\/2021\/05\/th_Espace-Wellness1.jpg","type":"image\/jpeg"}],"twitter_card":"summary_large_image","twitter_misc":{"Gesch\u00e4tzte Lesezeit":"1 Minute"},"schema":{"@context":"https:\/\/schema.org","@graph":[{"@type":"WebPage","@id":"https:\/\/le-clervaux.excellence-group.lu\/de\/spa\/","url":"https:\/\/le-clervaux.excellence-group.lu\/de\/spa\/","name":"Unser Spa - Le Clervaux Boutique Design Hotel","isPartOf":{"@id":"https:\/\/le-clervaux.excellence-group.lu\/de\/#website"},"primaryImageOfPage":{"@id":"https:\/\/le-clervaux.excellence-group.lu\/de\/spa\/#primaryimage"},"image":{"@id":"https:\/\/le-clervaux.excellence-group.lu\/de\/spa\/#primaryimage"},"thumbnailUrl":"https:\/\/le-clervaux.excellence-group.lu\/wp-content\/uploads\/sites\/388\/2021\/05\/th_Espace-Wellness1.jpg","datePublished":"2021-03-29T19:05:55+00:00","dateModified":"2023-02-03T09:47:18+00:00","breadcrumb":{"@id":"https:\/\/le-clervaux.excellence-group.lu\/de\/spa\/#breadcrumb"},"inLanguage":"de-DE","potentialAction":[{"@type":"ReadAction","target":["https:\/\/le-clervaux.excellence-group.lu\/de\/spa\/"]}]},{"@type":"ImageObject","inLanguage":"de-DE","@id":"https:\/\/le-clervaux.excellence-group.lu\/de\/spa\/#primaryimage","url":"https:\/\/le-clervaux.excellence-group.lu\/wp-content\/uploads\/sites\/388\/2021\/05\/th_Espace-Wellness1.jpg","contentUrl":"https:\/\/le-clervaux.excellence-group.lu\/wp-content\/uploads\/sites\/388\/2021\/05\/th_Espace-Wellness1.jpg","width":1000,"height":666,"caption":"Le Clervaux Boutique & Design Hotel ****S"},{"@type":"BreadcrumbList","@id":"https:\/\/le-clervaux.excellence-group.lu\/de\/spa\/#breadcrumb","itemListElement":[{"@type":"ListItem","position":1,"name":"Home","item":"https:\/\/le-clervaux.excellence-group.lu\/de\/"},{"@type":"ListItem","position":2,"name":"Unser Spa"}]},{"@type":"WebSite","@id":"https:\/\/le-clervaux.excellence-group.lu\/de\/#website","url":"https:\/\/le-clervaux.excellence-group.lu\/de\/","name":"Le Clervaux Boutique Design Hotel","description":"Just another ms.decms.eu site","potentialAction":[{"@type":"SearchAction","target":{"@type":"EntryPoint","urlTemplate":"https:\/\/le-clervaux.excellence-group.lu\/de\/?s={search_term_string}"},"query-input":{"@type":"PropertyValueSpecification","valueRequired":true,"valueName":"search_term_string"}}],"inLanguage":"de-DE"}]}},"acf":[],"_links":{"self":[{"href":"https:\/\/le-clervaux.excellence-group.lu\/de\/wp-json\/wp\/v2\/pages\/221","targetHints":{"allow":["GET"]}}],"collection":[{"href":"https:\/\/le-clervaux.excellence-group.lu\/de\/wp-json\/wp\/v2\/pages"}],"about":[{"href":"https:\/\/le-clervaux.excellence-group.lu\/de\/wp-json\/wp\/v2\/types\/page"}],"author":[{"embeddable":true,"href":"https:\/\/le-clervaux.excellence-group.lu\/de\/wp-json\/wp\/v2\/users\/5"}],"replies":[{"embeddable":true,"href":"https:\/\/le-clervaux.excellence-group.lu\/de\/wp-json\/wp\/v2\/comments?post=221"}],"version-history":[{"count":0,"href":"https:\/\/le-clervaux.excellence-group.lu\/de\/wp-json\/wp\/v2\/pages\/221\/revisions"}],"wp:featuredmedia":[{"embeddable":true,"href":"https:\/\/le-clervaux.excellence-group.lu\/de\/wp-json\/wp\/v2\/media\/222"}],"wp:attachment":[{"href":"https:\/\/le-clervaux.excellence-group.lu\/de\/wp-json\/wp\/v2\/media?parent=221"}],"curies":[{"name":"wp","href":"https:\/\/api.w.org\/{rel}","templated":true}]}}