{"id":227,"date":"2021-03-29T19:00:07","date_gmt":"2021-03-29T19:00:07","guid":{"rendered":"https:\/\/le-clervaux.ms.decms.eu\/chambres-suites\/"},"modified":"2024-05-10T10:09:54","modified_gmt":"2024-05-10T10:09:54","slug":"suiten","status":"publish","type":"page","link":"https:\/\/le-clervaux.excellence-group.lu\/de\/suiten\/","title":{"rendered":"Nos suites"},"content":{"rendered":"<p>Das <strong>Clervaux Boutique Hotel<\/strong> bietet Ihnen eine exklusive Kollektion von 22 Suiten, die alle sorgf\u00e4ltig entworfen wurden, um Ihnen ein unvergessliches Aufenthaltserlebnis zu bieten. Vom zeitlosen Charme der Junior-Suite bis zur raffinierten Eleganz der Wellness-Suite mit Duo-Sprudelbad verk\u00f6rpert jede Suite Raffinesse und Komfort.<\/p>\n<p>Tauchen Sie gleich bei Ihrer Ankunft in eine Welt ein, in der der Art-d\u00e9co-Stil auf ein atypisches Ambiente trifft, das unserem Haus eigen ist. Jedes Detail wurde sorgf\u00e4ltig durchdacht, um Ihnen ein einzigartiges Erlebnis zu bieten.<\/p>\n<p>Die 22 Suiten des <strong>Boutique Hotel Clervaux<\/strong> laden Sie dazu ein, sich in einem luxuri\u00f6sen und eleganten Rahmen zu entspannen und neue Kraft zu sch\u00f6pfen. Genie\u00dfen Sie ein ger\u00e4umiges, luxuri\u00f6ses Schlafzimmer mit einem komfortablen Bett sowie eine einladende Sitzecke mit Couchtisch und Sofas, um sich in aller Ruhe zu entspannen. Die Designer-Badezimmer sind mit einer Badewanne und einer italienischen Dusche f\u00fcr ein unvergleichliches Wellness-Erlebnis ausgestattet.<\/p>\n","protected":false},"excerpt":{"rendered":"<p>Das Clervaux Boutique Hotel bietet Ihnen eine exklusive Kollektion von 22 Suiten, die alle sorgf\u00e4ltig entworfen wurden, um Ihnen ein unvergessliches Aufenthaltserlebnis zu bieten. Vom zeitlosen Charme der Junior-Suite bis zur raffinierten Eleganz der Wellness-Suite mit Duo-Sprudelbad verk\u00f6rpert jede Suite Raffinesse und Komfort. Tauchen Sie gleich bei Ihrer Ankunft in eine Welt ein, in der [&hellip;]<\/p>\n","protected":false},"author":5,"featured_media":669,"parent":0,"menu_order":0,"comment_status":"closed","ping_status":"closed","template":"template-rooms.php","meta":{"footnotes":""},"class_list":["post-227","page","type-page","status-publish","has-post-thumbnail","hentry"],"yoast_head":"<!-- This site is optimized with the Yoast SEO plugin v26.9 - https:\/\/yoast.com\/product\/yoast-seo-wordpress\/ -->\n<title>Suiten des Boutique Hotel Clervaux<\/title>\n<meta name=\"description\" content=\"Elegant und trendy, entdecken Sie die 22 Design-Suiten im Boutique Hotel Clervaux, dem Spa-Hotel im Norden Luxemburgs.\" \/>\n<meta name=\"robots\" content=\"noindex, follow\" \/>\n<meta property=\"og:locale\" content=\"de_DE\" \/>\n<meta property=\"og:type\" content=\"article\" \/>\n<meta property=\"og:title\" content=\"Suiten des Boutique Hotel Clervaux\" \/>\n<meta property=\"og:description\" content=\"Elegant und trendy, entdecken Sie die 22 Design-Suiten im Boutique Hotel Clervaux, dem Spa-Hotel im Norden Luxemburgs.\" \/>\n<meta property=\"og:url\" content=\"https:\/\/le-clervaux.excellence-group.lu\/de\/suiten\/\" \/>\n<meta property=\"og:site_name\" content=\"Le Clervaux Boutique Design Hotel\" \/>\n<meta property=\"article:modified_time\" content=\"2024-05-10T10:09:54+00:00\" \/>\n<meta property=\"og:image\" content=\"https:\/\/le-clervaux.excellence-group.lu\/wp-content\/uploads\/sites\/388\/2022\/02\/DSC_9013-HDR-1024x683.jpg\" \/>\n\t<meta property=\"og:image:width\" content=\"1024\" \/>\n\t<meta property=\"og:image:height\" content=\"683\" \/>\n\t<meta property=\"og:image:type\" content=\"image\/jpeg\" \/>\n<meta name=\"twitter:card\" content=\"summary_large_image\" \/>\n<meta name=\"twitter:label1\" content=\"Gesch\u00e4tzte Lesezeit\" \/>\n\t<meta name=\"twitter:data1\" content=\"1 Minute\" \/>\n<script type=\"application\/ld+json\" class=\"yoast-schema-graph\">{\"@context\":\"https:\/\/schema.org\",\"@graph\":[{\"@type\":\"WebPage\",\"@id\":\"https:\/\/le-clervaux.excellence-group.lu\/de\/suiten\/\",\"url\":\"https:\/\/le-clervaux.excellence-group.lu\/de\/suiten\/\",\"name\":\"Suiten des Boutique Hotel Clervaux\",\"isPartOf\":{\"@id\":\"https:\/\/le-clervaux.excellence-group.lu\/de\/#website\"},\"primaryImageOfPage\":{\"@id\":\"https:\/\/le-clervaux.excellence-group.lu\/de\/suiten\/#primaryimage\"},\"image\":{\"@id\":\"https:\/\/le-clervaux.excellence-group.lu\/de\/suiten\/#primaryimage\"},\"thumbnailUrl\":\"https:\/\/le-clervaux.excellence-group.lu\/wp-content\/uploads\/sites\/388\/2022\/02\/DSC_9013-HDR.jpg\",\"datePublished\":\"2021-03-29T19:00:07+00:00\",\"dateModified\":\"2024-05-10T10:09:54+00:00\",\"description\":\"Elegant und trendy, entdecken Sie die 22 Design-Suiten im Boutique Hotel Clervaux, dem Spa-Hotel im Norden Luxemburgs.\",\"breadcrumb\":{\"@id\":\"https:\/\/le-clervaux.excellence-group.lu\/de\/suiten\/#breadcrumb\"},\"inLanguage\":\"de-DE\",\"potentialAction\":[{\"@type\":\"ReadAction\",\"target\":[\"https:\/\/le-clervaux.excellence-group.lu\/de\/suiten\/\"]}]},{\"@type\":\"ImageObject\",\"inLanguage\":\"de-DE\",\"@id\":\"https:\/\/le-clervaux.excellence-group.lu\/de\/suiten\/#primaryimage\",\"url\":\"https:\/\/le-clervaux.excellence-group.lu\/wp-content\/uploads\/sites\/388\/2022\/02\/DSC_9013-HDR.jpg\",\"contentUrl\":\"https:\/\/le-clervaux.excellence-group.lu\/wp-content\/uploads\/sites\/388\/2022\/02\/DSC_9013-HDR.jpg\",\"width\":2560,\"height\":1709},{\"@type\":\"BreadcrumbList\",\"@id\":\"https:\/\/le-clervaux.excellence-group.lu\/de\/suiten\/#breadcrumb\",\"itemListElement\":[{\"@type\":\"ListItem\",\"position\":1,\"name\":\"Home\",\"item\":\"https:\/\/le-clervaux.excellence-group.lu\/de\/\"},{\"@type\":\"ListItem\",\"position\":2,\"name\":\"Nos suites\"}]},{\"@type\":\"WebSite\",\"@id\":\"https:\/\/le-clervaux.excellence-group.lu\/de\/#website\",\"url\":\"https:\/\/le-clervaux.excellence-group.lu\/de\/\",\"name\":\"Le Clervaux Boutique Design Hotel\",\"description\":\"Just another ms.decms.eu site\",\"potentialAction\":[{\"@type\":\"SearchAction\",\"target\":{\"@type\":\"EntryPoint\",\"urlTemplate\":\"https:\/\/le-clervaux.excellence-group.lu\/de\/?s={search_term_string}\"},\"query-input\":{\"@type\":\"PropertyValueSpecification\",\"valueRequired\":true,\"valueName\":\"search_term_string\"}}],\"inLanguage\":\"de-DE\"}]}<\/script>\n<!-- \/ Yoast SEO plugin. -->","yoast_head_json":{"title":"Suiten des Boutique Hotel Clervaux","description":"Elegant und trendy, entdecken Sie die 22 Design-Suiten im Boutique Hotel Clervaux, dem Spa-Hotel im Norden Luxemburgs.","robots":{"index":"noindex","follow":"follow"},"og_locale":"de_DE","og_type":"article","og_title":"Suiten des Boutique Hotel Clervaux","og_description":"Elegant und trendy, entdecken Sie die 22 Design-Suiten im Boutique Hotel Clervaux, dem Spa-Hotel im Norden Luxemburgs.","og_url":"https:\/\/le-clervaux.excellence-group.lu\/de\/suiten\/","og_site_name":"Le Clervaux Boutique Design Hotel","article_modified_time":"2024-05-10T10:09:54+00:00","og_image":[{"width":1024,"height":683,"url":"https:\/\/le-clervaux.excellence-group.lu\/wp-content\/uploads\/sites\/388\/2022\/02\/DSC_9013-HDR-1024x683.jpg","type":"image\/jpeg"}],"twitter_card":"summary_large_image","twitter_misc":{"Gesch\u00e4tzte Lesezeit":"1 Minute"},"schema":{"@context":"https:\/\/schema.org","@graph":[{"@type":"WebPage","@id":"https:\/\/le-clervaux.excellence-group.lu\/de\/suiten\/","url":"https:\/\/le-clervaux.excellence-group.lu\/de\/suiten\/","name":"Suiten des Boutique Hotel Clervaux","isPartOf":{"@id":"https:\/\/le-clervaux.excellence-group.lu\/de\/#website"},"primaryImageOfPage":{"@id":"https:\/\/le-clervaux.excellence-group.lu\/de\/suiten\/#primaryimage"},"image":{"@id":"https:\/\/le-clervaux.excellence-group.lu\/de\/suiten\/#primaryimage"},"thumbnailUrl":"https:\/\/le-clervaux.excellence-group.lu\/wp-content\/uploads\/sites\/388\/2022\/02\/DSC_9013-HDR.jpg","datePublished":"2021-03-29T19:00:07+00:00","dateModified":"2024-05-10T10:09:54+00:00","description":"Elegant und trendy, entdecken Sie die 22 Design-Suiten im Boutique Hotel Clervaux, dem Spa-Hotel im Norden Luxemburgs.","breadcrumb":{"@id":"https:\/\/le-clervaux.excellence-group.lu\/de\/suiten\/#breadcrumb"},"inLanguage":"de-DE","potentialAction":[{"@type":"ReadAction","target":["https:\/\/le-clervaux.excellence-group.lu\/de\/suiten\/"]}]},{"@type":"ImageObject","inLanguage":"de-DE","@id":"https:\/\/le-clervaux.excellence-group.lu\/de\/suiten\/#primaryimage","url":"https:\/\/le-clervaux.excellence-group.lu\/wp-content\/uploads\/sites\/388\/2022\/02\/DSC_9013-HDR.jpg","contentUrl":"https:\/\/le-clervaux.excellence-group.lu\/wp-content\/uploads\/sites\/388\/2022\/02\/DSC_9013-HDR.jpg","width":2560,"height":1709},{"@type":"BreadcrumbList","@id":"https:\/\/le-clervaux.excellence-group.lu\/de\/suiten\/#breadcrumb","itemListElement":[{"@type":"ListItem","position":1,"name":"Home","item":"https:\/\/le-clervaux.excellence-group.lu\/de\/"},{"@type":"ListItem","position":2,"name":"Nos suites"}]},{"@type":"WebSite","@id":"https:\/\/le-clervaux.excellence-group.lu\/de\/#website","url":"https:\/\/le-clervaux.excellence-group.lu\/de\/","name":"Le Clervaux Boutique Design Hotel","description":"Just another ms.decms.eu site","potentialAction":[{"@type":"SearchAction","target":{"@type":"EntryPoint","urlTemplate":"https:\/\/le-clervaux.excellence-group.lu\/de\/?s={search_term_string}"},"query-input":{"@type":"PropertyValueSpecification","valueRequired":true,"valueName":"search_term_string"}}],"inLanguage":"de-DE"}]}},"acf":[],"_links":{"self":[{"href":"https:\/\/le-clervaux.excellence-group.lu\/de\/wp-json\/wp\/v2\/pages\/227","targetHints":{"allow":["GET"]}}],"collection":[{"href":"https:\/\/le-clervaux.excellence-group.lu\/de\/wp-json\/wp\/v2\/pages"}],"about":[{"href":"https:\/\/le-clervaux.excellence-group.lu\/de\/wp-json\/wp\/v2\/types\/page"}],"author":[{"embeddable":true,"href":"https:\/\/le-clervaux.excellence-group.lu\/de\/wp-json\/wp\/v2\/users\/5"}],"replies":[{"embeddable":true,"href":"https:\/\/le-clervaux.excellence-group.lu\/de\/wp-json\/wp\/v2\/comments?post=227"}],"version-history":[{"count":0,"href":"https:\/\/le-clervaux.excellence-group.lu\/de\/wp-json\/wp\/v2\/pages\/227\/revisions"}],"wp:featuredmedia":[{"embeddable":true,"href":"https:\/\/le-clervaux.excellence-group.lu\/de\/wp-json\/wp\/v2\/media\/669"}],"wp:attachment":[{"href":"https:\/\/le-clervaux.excellence-group.lu\/de\/wp-json\/wp\/v2\/media?parent=227"}],"curies":[{"name":"wp","href":"https:\/\/api.w.org\/{rel}","templated":true}]}}