{"id":254,"date":"2021-03-29T19:02:32","date_gmt":"2021-03-29T19:02:32","guid":{"rendered":"https:\/\/le-clervaux.ms.decms.eu\/suiten\/suite-clervaux\/"},"modified":"2025-09-02T10:20:44","modified_gmt":"2025-09-02T10:20:44","slug":"suite-clervaux","status":"publish","type":"page","link":"https:\/\/le-clervaux.excellence-group.lu\/de\/suiten\/suite-clervaux\/","title":{"rendered":"Suite Clervaux"},"content":{"rendered":"<p>Tauchen Sie mit unserer Suite Clervaux in unserem Boutique Hotel Clervaux in den Luxus ein. Mit einer Fl\u00e4che von 45m2 bietet diese Suite einen ger\u00e4umigen und komfortablen Raum f\u00fcr Ihren Aufenthalt.<\/p>\n<p>Im Schlafzimmer finden Sie ein gro\u00dfes Doppelbett mit allem Komfort, das Ihnen ruhige und erholsame N\u00e4chte garantiert. Der Wohnbereich ist mit bequemen Sofas und einem Tisch ausgestattet, perfekt zum Entspannen oder zur Unterhaltung. Im Wohnbereich und im Schlafzimmer stehen Ihnen zu Ihrem Vergn\u00fcgen Fernseher zur Verf\u00fcgung.<\/p>\n<p>Diese Suite bietet hochwertige M\u00f6bel, die Ihrem Erlebnis einen Hauch von Raffinesse verleihen. Die Teppiche an den W\u00e4nden mit Motiven, die auf das Art d\u00e9co verweisen, schaffen ein elegantes und anspruchsvolles Ambiente. H\u00fcbsche Fotorahmen verleihen dem Raum einen pers\u00f6nlichen Retro-Touch.<\/p>\n<p>Das Badezimmer ist eine wahre Wellness-Oase mit einer ger\u00e4umigen italienischen Dusche und einer gro\u00dfen Badewanne, in der Sie sich nach einem anstrengenden Tag entspannen und neue Energie tanken k\u00f6nnen.<\/p>\n<p>Buchen Sie jetzt und entdecken Sie den Luxus und Komfort unserer Suite Clervaux, in der jedes Detail sorgf\u00e4ltig durchdacht wurde, um Ihnen ein unvergessliches Erlebnis zu bieten, das einem 4-Sterne-Superior-Hotel gerecht wird.<\/p>\n<p><em>Hinweis: Da der Zugang zum <a href=\"https:\/\/excellence-group.lu\/spa\">SPA Cinq Mondes<\/a> des Hotels in Ihrem Aufenthalt inbegriffen ist, befinden sich Badem\u00e4ntel im Kleiderschrank Ihrer Clervaux-Suite.<\/em><\/p>\n","protected":false},"excerpt":{"rendered":"<p>Tauchen Sie mit unserer Suite Clervaux in unserem Boutique Hotel Clervaux in den Luxus ein. Mit einer Fl\u00e4che von 45m2 bietet diese Suite einen ger\u00e4umigen und komfortablen Raum f\u00fcr Ihren Aufenthalt. Im Schlafzimmer finden Sie ein gro\u00dfes Doppelbett mit allem Komfort, das Ihnen ruhige und erholsame N\u00e4chte garantiert. Der Wohnbereich ist mit bequemen Sofas und [&hellip;]<\/p>\n","protected":false},"author":5,"featured_media":682,"parent":227,"menu_order":0,"comment_status":"closed","ping_status":"closed","template":"template-single-room.php","meta":{"footnotes":""},"class_list":["post-254","page","type-page","status-publish","has-post-thumbnail","hentry"],"yoast_head":"<!-- This site is optimized with the Yoast SEO plugin v26.9 - https:\/\/yoast.com\/product\/yoast-seo-wordpress\/ -->\n<title>Suite Clervaux - Le Clervaux Boutique Design Hotel<\/title>\n<meta name=\"description\" content=\"Entdecken Sie die elegante und designorientierte Suite Clervaux im Spa-Hotel Le Boutique Hotel Clervaux im Norden von Luxemburg.\" \/>\n<meta name=\"robots\" content=\"index, follow, max-snippet:-1, max-image-preview:large, max-video-preview:-1\" \/>\n<link rel=\"canonical\" href=\"https:\/\/le-clervaux.excellence-group.lu\/de\/suiten\/suite-clervaux\/\" \/>\n<meta property=\"og:locale\" content=\"de_DE\" \/>\n<meta property=\"og:type\" content=\"article\" \/>\n<meta property=\"og:title\" content=\"Suite Clervaux - Le Clervaux Boutique Design Hotel\" \/>\n<meta property=\"og:description\" content=\"Entdecken Sie die elegante und designorientierte Suite Clervaux im Spa-Hotel Le Boutique Hotel Clervaux im Norden von Luxemburg.\" \/>\n<meta property=\"og:url\" content=\"https:\/\/le-clervaux.excellence-group.lu\/de\/suiten\/suite-clervaux\/\" \/>\n<meta property=\"og:site_name\" content=\"Le Clervaux Boutique Design Hotel\" \/>\n<meta property=\"article:modified_time\" content=\"2025-09-02T10:20:44+00:00\" \/>\n<meta property=\"og:image\" content=\"https:\/\/le-clervaux.excellence-group.lu\/wp-content\/uploads\/sites\/388\/2022\/02\/DSC_9057-HDR-1024x683.jpg\" \/>\n\t<meta property=\"og:image:width\" content=\"1024\" \/>\n\t<meta property=\"og:image:height\" content=\"683\" \/>\n\t<meta property=\"og:image:type\" content=\"image\/jpeg\" \/>\n<meta name=\"twitter:card\" content=\"summary_large_image\" \/>\n<meta name=\"twitter:label1\" content=\"Gesch\u00e4tzte Lesezeit\" \/>\n\t<meta name=\"twitter:data1\" content=\"2 Minuten\" \/>\n<script type=\"application\/ld+json\" class=\"yoast-schema-graph\">{\"@context\":\"https:\/\/schema.org\",\"@graph\":[{\"@type\":\"WebPage\",\"@id\":\"https:\/\/le-clervaux.excellence-group.lu\/de\/suiten\/suite-clervaux\/\",\"url\":\"https:\/\/le-clervaux.excellence-group.lu\/de\/suiten\/suite-clervaux\/\",\"name\":\"Suite Clervaux - Le Clervaux Boutique Design Hotel\",\"isPartOf\":{\"@id\":\"https:\/\/le-clervaux.excellence-group.lu\/de\/#website\"},\"primaryImageOfPage\":{\"@id\":\"https:\/\/le-clervaux.excellence-group.lu\/de\/suiten\/suite-clervaux\/#primaryimage\"},\"image\":{\"@id\":\"https:\/\/le-clervaux.excellence-group.lu\/de\/suiten\/suite-clervaux\/#primaryimage\"},\"thumbnailUrl\":\"https:\/\/le-clervaux.excellence-group.lu\/wp-content\/uploads\/sites\/388\/2022\/02\/DSC_9057-HDR.jpg\",\"datePublished\":\"2021-03-29T19:02:32+00:00\",\"dateModified\":\"2025-09-02T10:20:44+00:00\",\"description\":\"Entdecken Sie die elegante und designorientierte Suite Clervaux im Spa-Hotel Le Boutique Hotel Clervaux im Norden von Luxemburg.\",\"breadcrumb\":{\"@id\":\"https:\/\/le-clervaux.excellence-group.lu\/de\/suiten\/suite-clervaux\/#breadcrumb\"},\"inLanguage\":\"de-DE\",\"potentialAction\":[{\"@type\":\"ReadAction\",\"target\":[\"https:\/\/le-clervaux.excellence-group.lu\/de\/suiten\/suite-clervaux\/\"]}]},{\"@type\":\"ImageObject\",\"inLanguage\":\"de-DE\",\"@id\":\"https:\/\/le-clervaux.excellence-group.lu\/de\/suiten\/suite-clervaux\/#primaryimage\",\"url\":\"https:\/\/le-clervaux.excellence-group.lu\/wp-content\/uploads\/sites\/388\/2022\/02\/DSC_9057-HDR.jpg\",\"contentUrl\":\"https:\/\/le-clervaux.excellence-group.lu\/wp-content\/uploads\/sites\/388\/2022\/02\/DSC_9057-HDR.jpg\",\"width\":2560,\"height\":1709},{\"@type\":\"BreadcrumbList\",\"@id\":\"https:\/\/le-clervaux.excellence-group.lu\/de\/suiten\/suite-clervaux\/#breadcrumb\",\"itemListElement\":[{\"@type\":\"ListItem\",\"position\":1,\"name\":\"Home\",\"item\":\"https:\/\/le-clervaux.excellence-group.lu\/de\/\"},{\"@type\":\"ListItem\",\"position\":2,\"name\":\"Nos suites\",\"item\":\"https:\/\/le-clervaux.excellence-group.lu\/de\/suiten\/\"},{\"@type\":\"ListItem\",\"position\":3,\"name\":\"Suite Clervaux\"}]},{\"@type\":\"WebSite\",\"@id\":\"https:\/\/le-clervaux.excellence-group.lu\/de\/#website\",\"url\":\"https:\/\/le-clervaux.excellence-group.lu\/de\/\",\"name\":\"Le Clervaux Boutique Design Hotel\",\"description\":\"Just another ms.decms.eu site\",\"potentialAction\":[{\"@type\":\"SearchAction\",\"target\":{\"@type\":\"EntryPoint\",\"urlTemplate\":\"https:\/\/le-clervaux.excellence-group.lu\/de\/?s={search_term_string}\"},\"query-input\":{\"@type\":\"PropertyValueSpecification\",\"valueRequired\":true,\"valueName\":\"search_term_string\"}}],\"inLanguage\":\"de-DE\"}]}<\/script>\n<!-- \/ Yoast SEO plugin. -->","yoast_head_json":{"title":"Suite Clervaux - Le Clervaux Boutique Design Hotel","description":"Entdecken Sie die elegante und designorientierte Suite Clervaux im Spa-Hotel Le Boutique Hotel Clervaux im Norden von Luxemburg.","robots":{"index":"index","follow":"follow","max-snippet":"max-snippet:-1","max-image-preview":"max-image-preview:large","max-video-preview":"max-video-preview:-1"},"canonical":"https:\/\/le-clervaux.excellence-group.lu\/de\/suiten\/suite-clervaux\/","og_locale":"de_DE","og_type":"article","og_title":"Suite Clervaux - Le Clervaux Boutique Design Hotel","og_description":"Entdecken Sie die elegante und designorientierte Suite Clervaux im Spa-Hotel Le Boutique Hotel Clervaux im Norden von Luxemburg.","og_url":"https:\/\/le-clervaux.excellence-group.lu\/de\/suiten\/suite-clervaux\/","og_site_name":"Le Clervaux Boutique Design Hotel","article_modified_time":"2025-09-02T10:20:44+00:00","og_image":[{"width":1024,"height":683,"url":"https:\/\/le-clervaux.excellence-group.lu\/wp-content\/uploads\/sites\/388\/2022\/02\/DSC_9057-HDR-1024x683.jpg","type":"image\/jpeg"}],"twitter_card":"summary_large_image","twitter_misc":{"Gesch\u00e4tzte Lesezeit":"2 Minuten"},"schema":{"@context":"https:\/\/schema.org","@graph":[{"@type":"WebPage","@id":"https:\/\/le-clervaux.excellence-group.lu\/de\/suiten\/suite-clervaux\/","url":"https:\/\/le-clervaux.excellence-group.lu\/de\/suiten\/suite-clervaux\/","name":"Suite Clervaux - Le Clervaux Boutique Design Hotel","isPartOf":{"@id":"https:\/\/le-clervaux.excellence-group.lu\/de\/#website"},"primaryImageOfPage":{"@id":"https:\/\/le-clervaux.excellence-group.lu\/de\/suiten\/suite-clervaux\/#primaryimage"},"image":{"@id":"https:\/\/le-clervaux.excellence-group.lu\/de\/suiten\/suite-clervaux\/#primaryimage"},"thumbnailUrl":"https:\/\/le-clervaux.excellence-group.lu\/wp-content\/uploads\/sites\/388\/2022\/02\/DSC_9057-HDR.jpg","datePublished":"2021-03-29T19:02:32+00:00","dateModified":"2025-09-02T10:20:44+00:00","description":"Entdecken Sie die elegante und designorientierte Suite Clervaux im Spa-Hotel Le Boutique Hotel Clervaux im Norden von Luxemburg.","breadcrumb":{"@id":"https:\/\/le-clervaux.excellence-group.lu\/de\/suiten\/suite-clervaux\/#breadcrumb"},"inLanguage":"de-DE","potentialAction":[{"@type":"ReadAction","target":["https:\/\/le-clervaux.excellence-group.lu\/de\/suiten\/suite-clervaux\/"]}]},{"@type":"ImageObject","inLanguage":"de-DE","@id":"https:\/\/le-clervaux.excellence-group.lu\/de\/suiten\/suite-clervaux\/#primaryimage","url":"https:\/\/le-clervaux.excellence-group.lu\/wp-content\/uploads\/sites\/388\/2022\/02\/DSC_9057-HDR.jpg","contentUrl":"https:\/\/le-clervaux.excellence-group.lu\/wp-content\/uploads\/sites\/388\/2022\/02\/DSC_9057-HDR.jpg","width":2560,"height":1709},{"@type":"BreadcrumbList","@id":"https:\/\/le-clervaux.excellence-group.lu\/de\/suiten\/suite-clervaux\/#breadcrumb","itemListElement":[{"@type":"ListItem","position":1,"name":"Home","item":"https:\/\/le-clervaux.excellence-group.lu\/de\/"},{"@type":"ListItem","position":2,"name":"Nos suites","item":"https:\/\/le-clervaux.excellence-group.lu\/de\/suiten\/"},{"@type":"ListItem","position":3,"name":"Suite Clervaux"}]},{"@type":"WebSite","@id":"https:\/\/le-clervaux.excellence-group.lu\/de\/#website","url":"https:\/\/le-clervaux.excellence-group.lu\/de\/","name":"Le Clervaux Boutique Design Hotel","description":"Just another ms.decms.eu site","potentialAction":[{"@type":"SearchAction","target":{"@type":"EntryPoint","urlTemplate":"https:\/\/le-clervaux.excellence-group.lu\/de\/?s={search_term_string}"},"query-input":{"@type":"PropertyValueSpecification","valueRequired":true,"valueName":"search_term_string"}}],"inLanguage":"de-DE"}]}},"acf":[],"_links":{"self":[{"href":"https:\/\/le-clervaux.excellence-group.lu\/de\/wp-json\/wp\/v2\/pages\/254","targetHints":{"allow":["GET"]}}],"collection":[{"href":"https:\/\/le-clervaux.excellence-group.lu\/de\/wp-json\/wp\/v2\/pages"}],"about":[{"href":"https:\/\/le-clervaux.excellence-group.lu\/de\/wp-json\/wp\/v2\/types\/page"}],"author":[{"embeddable":true,"href":"https:\/\/le-clervaux.excellence-group.lu\/de\/wp-json\/wp\/v2\/users\/5"}],"replies":[{"embeddable":true,"href":"https:\/\/le-clervaux.excellence-group.lu\/de\/wp-json\/wp\/v2\/comments?post=254"}],"version-history":[{"count":0,"href":"https:\/\/le-clervaux.excellence-group.lu\/de\/wp-json\/wp\/v2\/pages\/254\/revisions"}],"up":[{"embeddable":true,"href":"https:\/\/le-clervaux.excellence-group.lu\/de\/wp-json\/wp\/v2\/pages\/227"}],"wp:featuredmedia":[{"embeddable":true,"href":"https:\/\/le-clervaux.excellence-group.lu\/de\/wp-json\/wp\/v2\/media\/682"}],"wp:attachment":[{"href":"https:\/\/le-clervaux.excellence-group.lu\/de\/wp-json\/wp\/v2\/media?parent=254"}],"curies":[{"name":"wp","href":"https:\/\/api.w.org\/{rel}","templated":true}]}}