{"id":260,"date":"2021-03-29T19:01:40","date_gmt":"2021-03-29T19:01:40","guid":{"rendered":"https:\/\/le-clervaux.ms.decms.eu\/suiten\/suite-duplex\/"},"modified":"2026-03-03T14:26:29","modified_gmt":"2026-03-03T14:26:29","slug":"suite-duplex","status":"publish","type":"page","link":"https:\/\/le-clervaux.excellence-group.lu\/de\/suiten\/suite-duplex\/","title":{"rendered":"Suite Duplex"},"content":{"rendered":"<p>Entdecken Sie unsere Duplex-Suite im Boutique Hotel Clervaux, einer eleganten zweist\u00f6ckigen Residenz, die luxuri\u00f6se und komfortable R\u00e4umlichkeiten f\u00fcr Ihren Aufenthalt in Clervaux bietet.<\/p>\n<p>Im Erdgeschoss finden Sie einen entspannenden Wohnbereich, der mit einer bequemen Couch und einem Couchtisch, sowie einen Arbeitsbereich f\u00fcr Ihre beruflichen Bed\u00fcrfnisse. Das Badezimmer mit italienischer Dusche und Badewanne l\u00e4dt Sie zum Entspannen und Erholen ein.<\/p>\n<p>Um in den ersten Stock zu gelangen, nehmen Sie eine charakteristische Holztreppe, die dem Raum eine zus\u00e4tzliche warme Note verleiht. Anschlie\u00dfend entdecken Sie das Schlafzimmer, das sich unter einer mit h\u00fcbschen Holzbalken verzierten Mansardendecke eingenistet hat und Ihrem Aufenthalt einen Hauch von Authentizit\u00e4t und rustikalem Charme verleiht.<\/p>\n<p>Mit den erhaltenen Holzvert\u00e4felungen des alten Geb\u00e4udes ist der Stil der Duplex-Suite mit ihren Holzdecken und der gem\u00fctlichen Atmosph\u00e4re ausgesprochen warm. Buchen Sie jetzt und lassen Sie sich vom Charme dieser einzigartigen Suite im Boutique Hotel Clervaux verzaubern.<\/p>\n<p><em>Hinweis: Da der Zugang zum <a href=\"https:\/\/excellence-group.lu\/spa\">SPA Cinq Mondes<\/a> des Hotels in Ihrem Aufenthalt inbegriffen ist, befinden sich Badem\u00e4ntel im Kleiderschrank Ihrer Duplex-Suite.<\/em><\/p>\n","protected":false},"excerpt":{"rendered":"<p>Entdecken Sie unsere Duplex-Suite im Boutique Hotel Clervaux, einer eleganten zweist\u00f6ckigen Residenz, die luxuri\u00f6se und komfortable R\u00e4umlichkeiten f\u00fcr Ihren Aufenthalt in Clervaux bietet. Im Erdgeschoss finden Sie einen entspannenden Wohnbereich, der mit einer bequemen Couch und einem Couchtisch, sowie einen Arbeitsbereich f\u00fcr Ihre beruflichen Bed\u00fcrfnisse. Das Badezimmer mit italienischer Dusche und Badewanne l\u00e4dt Sie zum [&hellip;]<\/p>\n","protected":false},"author":5,"featured_media":1393,"parent":227,"menu_order":0,"comment_status":"closed","ping_status":"closed","template":"template-single-room.php","meta":{"footnotes":""},"class_list":["post-260","page","type-page","status-publish","has-post-thumbnail","hentry"],"yoast_head":"<!-- This site is optimized with the Yoast SEO plugin v26.9 - https:\/\/yoast.com\/product\/yoast-seo-wordpress\/ -->\n<title>Suite Duplex - Le Clervaux Boutique Design Hotel<\/title>\n<meta name=\"description\" content=\"Charmant und rustikal: Entdecken Sie die Duplex-Suiten im Boutique Hotel Clervaux, einem Hotel mit Spa im Norden Luxemburgs.\" \/>\n<meta name=\"robots\" content=\"index, follow, max-snippet:-1, max-image-preview:large, max-video-preview:-1\" \/>\n<link rel=\"canonical\" href=\"https:\/\/le-clervaux.excellence-group.lu\/de\/suiten\/suite-duplex\/\" \/>\n<meta property=\"og:locale\" content=\"de_DE\" \/>\n<meta property=\"og:type\" content=\"article\" \/>\n<meta property=\"og:title\" content=\"Suite Duplex - Le Clervaux Boutique Design Hotel\" \/>\n<meta property=\"og:description\" content=\"Charmant und rustikal: Entdecken Sie die Duplex-Suiten im Boutique Hotel Clervaux, einem Hotel mit Spa im Norden Luxemburgs.\" \/>\n<meta property=\"og:url\" content=\"https:\/\/le-clervaux.excellence-group.lu\/de\/suiten\/suite-duplex\/\" \/>\n<meta property=\"og:site_name\" content=\"Le Clervaux Boutique Design Hotel\" \/>\n<meta property=\"article:modified_time\" content=\"2026-03-03T14:26:29+00:00\" \/>\n<meta property=\"og:image\" content=\"https:\/\/le-clervaux.excellence-group.lu\/wp-content\/uploads\/sites\/388\/2026\/03\/clervaux-boutique-hotel_suite_duplex_15.jpg\" \/>\n\t<meta property=\"og:image:width\" content=\"1500\" \/>\n\t<meta property=\"og:image:height\" content=\"1000\" \/>\n\t<meta property=\"og:image:type\" content=\"image\/jpeg\" \/>\n<meta name=\"twitter:card\" content=\"summary_large_image\" \/>\n<meta name=\"twitter:label1\" content=\"Gesch\u00e4tzte Lesezeit\" \/>\n\t<meta name=\"twitter:data1\" content=\"2 Minuten\" \/>\n<script type=\"application\/ld+json\" class=\"yoast-schema-graph\">{\"@context\":\"https:\/\/schema.org\",\"@graph\":[{\"@type\":\"WebPage\",\"@id\":\"https:\/\/le-clervaux.excellence-group.lu\/de\/suiten\/suite-duplex\/\",\"url\":\"https:\/\/le-clervaux.excellence-group.lu\/de\/suiten\/suite-duplex\/\",\"name\":\"Suite Duplex - Le Clervaux Boutique Design Hotel\",\"isPartOf\":{\"@id\":\"https:\/\/le-clervaux.excellence-group.lu\/de\/#website\"},\"primaryImageOfPage\":{\"@id\":\"https:\/\/le-clervaux.excellence-group.lu\/de\/suiten\/suite-duplex\/#primaryimage\"},\"image\":{\"@id\":\"https:\/\/le-clervaux.excellence-group.lu\/de\/suiten\/suite-duplex\/#primaryimage\"},\"thumbnailUrl\":\"https:\/\/le-clervaux.excellence-group.lu\/wp-content\/uploads\/sites\/388\/2026\/03\/clervaux-boutique-hotel_suite_duplex_15.jpg\",\"datePublished\":\"2021-03-29T19:01:40+00:00\",\"dateModified\":\"2026-03-03T14:26:29+00:00\",\"description\":\"Charmant und rustikal: Entdecken Sie die Duplex-Suiten im Boutique Hotel Clervaux, einem Hotel mit Spa im Norden Luxemburgs.\",\"breadcrumb\":{\"@id\":\"https:\/\/le-clervaux.excellence-group.lu\/de\/suiten\/suite-duplex\/#breadcrumb\"},\"inLanguage\":\"de-DE\",\"potentialAction\":[{\"@type\":\"ReadAction\",\"target\":[\"https:\/\/le-clervaux.excellence-group.lu\/de\/suiten\/suite-duplex\/\"]}]},{\"@type\":\"ImageObject\",\"inLanguage\":\"de-DE\",\"@id\":\"https:\/\/le-clervaux.excellence-group.lu\/de\/suiten\/suite-duplex\/#primaryimage\",\"url\":\"https:\/\/le-clervaux.excellence-group.lu\/wp-content\/uploads\/sites\/388\/2026\/03\/clervaux-boutique-hotel_suite_duplex_15.jpg\",\"contentUrl\":\"https:\/\/le-clervaux.excellence-group.lu\/wp-content\/uploads\/sites\/388\/2026\/03\/clervaux-boutique-hotel_suite_duplex_15.jpg\",\"width\":1500,\"height\":1000},{\"@type\":\"BreadcrumbList\",\"@id\":\"https:\/\/le-clervaux.excellence-group.lu\/de\/suiten\/suite-duplex\/#breadcrumb\",\"itemListElement\":[{\"@type\":\"ListItem\",\"position\":1,\"name\":\"Home\",\"item\":\"https:\/\/le-clervaux.excellence-group.lu\/de\/\"},{\"@type\":\"ListItem\",\"position\":2,\"name\":\"Nos suites\",\"item\":\"https:\/\/le-clervaux.excellence-group.lu\/de\/suiten\/\"},{\"@type\":\"ListItem\",\"position\":3,\"name\":\"Suite Duplex\"}]},{\"@type\":\"WebSite\",\"@id\":\"https:\/\/le-clervaux.excellence-group.lu\/de\/#website\",\"url\":\"https:\/\/le-clervaux.excellence-group.lu\/de\/\",\"name\":\"Le Clervaux Boutique Design Hotel\",\"description\":\"Just another ms.decms.eu site\",\"potentialAction\":[{\"@type\":\"SearchAction\",\"target\":{\"@type\":\"EntryPoint\",\"urlTemplate\":\"https:\/\/le-clervaux.excellence-group.lu\/de\/?s={search_term_string}\"},\"query-input\":{\"@type\":\"PropertyValueSpecification\",\"valueRequired\":true,\"valueName\":\"search_term_string\"}}],\"inLanguage\":\"de-DE\"}]}<\/script>\n<!-- \/ Yoast SEO plugin. -->","yoast_head_json":{"title":"Suite Duplex - Le Clervaux Boutique Design Hotel","description":"Charmant und rustikal: Entdecken Sie die Duplex-Suiten im Boutique Hotel Clervaux, einem Hotel mit Spa im Norden Luxemburgs.","robots":{"index":"index","follow":"follow","max-snippet":"max-snippet:-1","max-image-preview":"max-image-preview:large","max-video-preview":"max-video-preview:-1"},"canonical":"https:\/\/le-clervaux.excellence-group.lu\/de\/suiten\/suite-duplex\/","og_locale":"de_DE","og_type":"article","og_title":"Suite Duplex - Le Clervaux Boutique Design Hotel","og_description":"Charmant und rustikal: Entdecken Sie die Duplex-Suiten im Boutique Hotel Clervaux, einem Hotel mit Spa im Norden Luxemburgs.","og_url":"https:\/\/le-clervaux.excellence-group.lu\/de\/suiten\/suite-duplex\/","og_site_name":"Le Clervaux Boutique Design Hotel","article_modified_time":"2026-03-03T14:26:29+00:00","og_image":[{"width":1500,"height":1000,"url":"https:\/\/le-clervaux.excellence-group.lu\/wp-content\/uploads\/sites\/388\/2026\/03\/clervaux-boutique-hotel_suite_duplex_15.jpg","type":"image\/jpeg"}],"twitter_card":"summary_large_image","twitter_misc":{"Gesch\u00e4tzte Lesezeit":"2 Minuten"},"schema":{"@context":"https:\/\/schema.org","@graph":[{"@type":"WebPage","@id":"https:\/\/le-clervaux.excellence-group.lu\/de\/suiten\/suite-duplex\/","url":"https:\/\/le-clervaux.excellence-group.lu\/de\/suiten\/suite-duplex\/","name":"Suite Duplex - Le Clervaux Boutique Design Hotel","isPartOf":{"@id":"https:\/\/le-clervaux.excellence-group.lu\/de\/#website"},"primaryImageOfPage":{"@id":"https:\/\/le-clervaux.excellence-group.lu\/de\/suiten\/suite-duplex\/#primaryimage"},"image":{"@id":"https:\/\/le-clervaux.excellence-group.lu\/de\/suiten\/suite-duplex\/#primaryimage"},"thumbnailUrl":"https:\/\/le-clervaux.excellence-group.lu\/wp-content\/uploads\/sites\/388\/2026\/03\/clervaux-boutique-hotel_suite_duplex_15.jpg","datePublished":"2021-03-29T19:01:40+00:00","dateModified":"2026-03-03T14:26:29+00:00","description":"Charmant und rustikal: Entdecken Sie die Duplex-Suiten im Boutique Hotel Clervaux, einem Hotel mit Spa im Norden Luxemburgs.","breadcrumb":{"@id":"https:\/\/le-clervaux.excellence-group.lu\/de\/suiten\/suite-duplex\/#breadcrumb"},"inLanguage":"de-DE","potentialAction":[{"@type":"ReadAction","target":["https:\/\/le-clervaux.excellence-group.lu\/de\/suiten\/suite-duplex\/"]}]},{"@type":"ImageObject","inLanguage":"de-DE","@id":"https:\/\/le-clervaux.excellence-group.lu\/de\/suiten\/suite-duplex\/#primaryimage","url":"https:\/\/le-clervaux.excellence-group.lu\/wp-content\/uploads\/sites\/388\/2026\/03\/clervaux-boutique-hotel_suite_duplex_15.jpg","contentUrl":"https:\/\/le-clervaux.excellence-group.lu\/wp-content\/uploads\/sites\/388\/2026\/03\/clervaux-boutique-hotel_suite_duplex_15.jpg","width":1500,"height":1000},{"@type":"BreadcrumbList","@id":"https:\/\/le-clervaux.excellence-group.lu\/de\/suiten\/suite-duplex\/#breadcrumb","itemListElement":[{"@type":"ListItem","position":1,"name":"Home","item":"https:\/\/le-clervaux.excellence-group.lu\/de\/"},{"@type":"ListItem","position":2,"name":"Nos suites","item":"https:\/\/le-clervaux.excellence-group.lu\/de\/suiten\/"},{"@type":"ListItem","position":3,"name":"Suite Duplex"}]},{"@type":"WebSite","@id":"https:\/\/le-clervaux.excellence-group.lu\/de\/#website","url":"https:\/\/le-clervaux.excellence-group.lu\/de\/","name":"Le Clervaux Boutique Design Hotel","description":"Just another ms.decms.eu site","potentialAction":[{"@type":"SearchAction","target":{"@type":"EntryPoint","urlTemplate":"https:\/\/le-clervaux.excellence-group.lu\/de\/?s={search_term_string}"},"query-input":{"@type":"PropertyValueSpecification","valueRequired":true,"valueName":"search_term_string"}}],"inLanguage":"de-DE"}]}},"acf":[],"_links":{"self":[{"href":"https:\/\/le-clervaux.excellence-group.lu\/de\/wp-json\/wp\/v2\/pages\/260","targetHints":{"allow":["GET"]}}],"collection":[{"href":"https:\/\/le-clervaux.excellence-group.lu\/de\/wp-json\/wp\/v2\/pages"}],"about":[{"href":"https:\/\/le-clervaux.excellence-group.lu\/de\/wp-json\/wp\/v2\/types\/page"}],"author":[{"embeddable":true,"href":"https:\/\/le-clervaux.excellence-group.lu\/de\/wp-json\/wp\/v2\/users\/5"}],"replies":[{"embeddable":true,"href":"https:\/\/le-clervaux.excellence-group.lu\/de\/wp-json\/wp\/v2\/comments?post=260"}],"version-history":[{"count":0,"href":"https:\/\/le-clervaux.excellence-group.lu\/de\/wp-json\/wp\/v2\/pages\/260\/revisions"}],"up":[{"embeddable":true,"href":"https:\/\/le-clervaux.excellence-group.lu\/de\/wp-json\/wp\/v2\/pages\/227"}],"wp:featuredmedia":[{"embeddable":true,"href":"https:\/\/le-clervaux.excellence-group.lu\/de\/wp-json\/wp\/v2\/media\/1393"}],"wp:attachment":[{"href":"https:\/\/le-clervaux.excellence-group.lu\/de\/wp-json\/wp\/v2\/media?parent=260"}],"curies":[{"name":"wp","href":"https:\/\/api.w.org\/{rel}","templated":true}]}}