{"id":267,"date":"2021-03-29T19:01:14","date_gmt":"2021-03-29T19:01:14","guid":{"rendered":"https:\/\/le-clervaux.ms.decms.eu\/suiten\/suite-junior\/"},"modified":"2025-09-02T10:21:30","modified_gmt":"2025-09-02T10:21:30","slug":"suite-junior","status":"publish","type":"page","link":"https:\/\/le-clervaux.excellence-group.lu\/de\/suiten\/suite-junior\/","title":{"rendered":"Suite Junior"},"content":{"rendered":"<p>Entdecken Sie unsere Junior Suite, eine Oase des Komforts und des Stils im Boutique Hotel Clervaux. Mit einer Mindestgr\u00f6\u00dfe von 35m2 bietet diese ger\u00e4umige Suite allen Platz, den Sie brauchen, um sich zu entspannen und neue Energie zu tanken.<\/p>\n<p>Das Zimmer ist mit einem gro\u00dfen, komfortablen Doppelbett ausgestattet, das ruhige und erholsame N\u00e4chte garantiert.<\/p>\n<p>Im Badezimmer werden Sie den Komfort und den Luxus eines Doppelwaschbeckens zu sch\u00e4tzen wissen, sowie die Wahl zwischen einer Badewanne oder einer italienischen Dusche f\u00fcr Ihre Entspannung. Beachten Sie, dass eine Juniorsuite (#9) keine Badewanne hat.<\/p>\n<p>Der Stil der Junior Suite ist entschieden Art d\u00e9co, mit Teppichen auf dem Boden und Designerm\u00f6beln, die dem Ganzen einen Hauch von Eleganz verleihen. Ein Schreibtisch mit Stuhl ist ebenfalls vorhanden, ideal f\u00fcr diejenigen, die w\u00e4hrend ihres Aufenthalts arbeiten m\u00fcssen.<\/p>\n<p>F\u00fcr Ihren Komfort ist die Suite klimatisiert und sorgt so f\u00fcr eine angenehme Temperatur, egal wie das Wetter drau\u00dfen ist. Buchen Sie jetzt Ihren Aufenthalt in Clervaux und entdecken Sie den unvergleichlichen Charme unserer Junior Suite im Boutique Hotel Clervaux.<\/p>\n<p><em>NB: Da der Zugang zum <a href=\"https:\/\/excellence-group.lu\/spa\">SPA Wellness<\/a> systematisch in Ihrem Aufenthalt inbegriffen ist, finden Sie in Ihrer Suite zwei Badem\u00e4ntel.<\/em><\/p>\n","protected":false},"excerpt":{"rendered":"<p>Entdecken Sie unsere Junior Suite, eine Oase des Komforts und des Stils im Boutique Hotel Clervaux. Mit einer Mindestgr\u00f6\u00dfe von 35m2 bietet diese ger\u00e4umige Suite allen Platz, den Sie brauchen, um sich zu entspannen und neue Energie zu tanken. Das Zimmer ist mit einem gro\u00dfen, komfortablen Doppelbett ausgestattet, das ruhige und erholsame N\u00e4chte garantiert. Im [&hellip;]<\/p>\n","protected":false},"author":5,"featured_media":1314,"parent":227,"menu_order":0,"comment_status":"closed","ping_status":"closed","template":"template-single-room.php","meta":{"footnotes":""},"class_list":["post-267","page","type-page","status-publish","has-post-thumbnail","hentry"],"yoast_head":"<!-- This site is optimized with the Yoast SEO plugin v26.9 - https:\/\/yoast.com\/product\/yoast-seo-wordpress\/ -->\n<title>Suite Junior - Le Clervaux Boutique Design Hotel<\/title>\n<meta name=\"description\" content=\"Entdecken Sie die Junior Suite im Boutique Hotel Clervaux, einem 4-Sterne-Superior Spa-Hotel im Norden Luxemburgs.\" \/>\n<meta name=\"robots\" content=\"index, follow, max-snippet:-1, max-image-preview:large, max-video-preview:-1\" \/>\n<link rel=\"canonical\" href=\"https:\/\/le-clervaux.excellence-group.lu\/de\/suiten\/suite-junior\/\" \/>\n<meta property=\"og:locale\" content=\"de_DE\" \/>\n<meta property=\"og:type\" content=\"article\" \/>\n<meta property=\"og:title\" content=\"Suite Junior - Le Clervaux Boutique Design Hotel\" \/>\n<meta property=\"og:description\" content=\"Entdecken Sie die Junior Suite im Boutique Hotel Clervaux, einem 4-Sterne-Superior Spa-Hotel im Norden Luxemburgs.\" \/>\n<meta property=\"og:url\" content=\"https:\/\/le-clervaux.excellence-group.lu\/de\/suiten\/suite-junior\/\" \/>\n<meta property=\"og:site_name\" content=\"Le Clervaux Boutique Design Hotel\" \/>\n<meta property=\"article:modified_time\" content=\"2025-09-02T10:21:30+00:00\" \/>\n<meta property=\"og:image\" content=\"https:\/\/le-clervaux.excellence-group.lu\/wp-content\/uploads\/sites\/388\/2025\/05\/junior-suite-boutique-design-hotel-clervaux_3-scaled.jpg\" \/>\n\t<meta property=\"og:image:width\" content=\"2560\" \/>\n\t<meta property=\"og:image:height\" content=\"1707\" \/>\n\t<meta property=\"og:image:type\" content=\"image\/jpeg\" \/>\n<meta name=\"twitter:card\" content=\"summary_large_image\" \/>\n<meta name=\"twitter:label1\" content=\"Gesch\u00e4tzte Lesezeit\" \/>\n\t<meta name=\"twitter:data1\" content=\"2 Minuten\" \/>\n<script type=\"application\/ld+json\" class=\"yoast-schema-graph\">{\"@context\":\"https:\/\/schema.org\",\"@graph\":[{\"@type\":\"WebPage\",\"@id\":\"https:\/\/le-clervaux.excellence-group.lu\/de\/suiten\/suite-junior\/\",\"url\":\"https:\/\/le-clervaux.excellence-group.lu\/de\/suiten\/suite-junior\/\",\"name\":\"Suite Junior - Le Clervaux Boutique Design Hotel\",\"isPartOf\":{\"@id\":\"https:\/\/le-clervaux.excellence-group.lu\/de\/#website\"},\"primaryImageOfPage\":{\"@id\":\"https:\/\/le-clervaux.excellence-group.lu\/de\/suiten\/suite-junior\/#primaryimage\"},\"image\":{\"@id\":\"https:\/\/le-clervaux.excellence-group.lu\/de\/suiten\/suite-junior\/#primaryimage\"},\"thumbnailUrl\":\"https:\/\/le-clervaux.excellence-group.lu\/wp-content\/uploads\/sites\/388\/2025\/05\/junior-suite-boutique-design-hotel-clervaux_3-scaled.jpg\",\"datePublished\":\"2021-03-29T19:01:14+00:00\",\"dateModified\":\"2025-09-02T10:21:30+00:00\",\"description\":\"Entdecken Sie die Junior Suite im Boutique Hotel Clervaux, einem 4-Sterne-Superior Spa-Hotel im Norden Luxemburgs.\",\"breadcrumb\":{\"@id\":\"https:\/\/le-clervaux.excellence-group.lu\/de\/suiten\/suite-junior\/#breadcrumb\"},\"inLanguage\":\"de-DE\",\"potentialAction\":[{\"@type\":\"ReadAction\",\"target\":[\"https:\/\/le-clervaux.excellence-group.lu\/de\/suiten\/suite-junior\/\"]}]},{\"@type\":\"ImageObject\",\"inLanguage\":\"de-DE\",\"@id\":\"https:\/\/le-clervaux.excellence-group.lu\/de\/suiten\/suite-junior\/#primaryimage\",\"url\":\"https:\/\/le-clervaux.excellence-group.lu\/wp-content\/uploads\/sites\/388\/2025\/05\/junior-suite-boutique-design-hotel-clervaux_3-scaled.jpg\",\"contentUrl\":\"https:\/\/le-clervaux.excellence-group.lu\/wp-content\/uploads\/sites\/388\/2025\/05\/junior-suite-boutique-design-hotel-clervaux_3-scaled.jpg\",\"width\":2560,\"height\":1707},{\"@type\":\"BreadcrumbList\",\"@id\":\"https:\/\/le-clervaux.excellence-group.lu\/de\/suiten\/suite-junior\/#breadcrumb\",\"itemListElement\":[{\"@type\":\"ListItem\",\"position\":1,\"name\":\"Home\",\"item\":\"https:\/\/le-clervaux.excellence-group.lu\/de\/\"},{\"@type\":\"ListItem\",\"position\":2,\"name\":\"Nos suites\",\"item\":\"https:\/\/le-clervaux.excellence-group.lu\/de\/suiten\/\"},{\"@type\":\"ListItem\",\"position\":3,\"name\":\"Suite Junior\"}]},{\"@type\":\"WebSite\",\"@id\":\"https:\/\/le-clervaux.excellence-group.lu\/de\/#website\",\"url\":\"https:\/\/le-clervaux.excellence-group.lu\/de\/\",\"name\":\"Le Clervaux Boutique Design Hotel\",\"description\":\"Just another ms.decms.eu site\",\"potentialAction\":[{\"@type\":\"SearchAction\",\"target\":{\"@type\":\"EntryPoint\",\"urlTemplate\":\"https:\/\/le-clervaux.excellence-group.lu\/de\/?s={search_term_string}\"},\"query-input\":{\"@type\":\"PropertyValueSpecification\",\"valueRequired\":true,\"valueName\":\"search_term_string\"}}],\"inLanguage\":\"de-DE\"}]}<\/script>\n<!-- \/ Yoast SEO plugin. -->","yoast_head_json":{"title":"Suite Junior - Le Clervaux Boutique Design Hotel","description":"Entdecken Sie die Junior Suite im Boutique Hotel Clervaux, einem 4-Sterne-Superior Spa-Hotel im Norden Luxemburgs.","robots":{"index":"index","follow":"follow","max-snippet":"max-snippet:-1","max-image-preview":"max-image-preview:large","max-video-preview":"max-video-preview:-1"},"canonical":"https:\/\/le-clervaux.excellence-group.lu\/de\/suiten\/suite-junior\/","og_locale":"de_DE","og_type":"article","og_title":"Suite Junior - Le Clervaux Boutique Design Hotel","og_description":"Entdecken Sie die Junior Suite im Boutique Hotel Clervaux, einem 4-Sterne-Superior Spa-Hotel im Norden Luxemburgs.","og_url":"https:\/\/le-clervaux.excellence-group.lu\/de\/suiten\/suite-junior\/","og_site_name":"Le Clervaux Boutique Design Hotel","article_modified_time":"2025-09-02T10:21:30+00:00","og_image":[{"width":2560,"height":1707,"url":"https:\/\/le-clervaux.excellence-group.lu\/wp-content\/uploads\/sites\/388\/2025\/05\/junior-suite-boutique-design-hotel-clervaux_3-scaled.jpg","type":"image\/jpeg"}],"twitter_card":"summary_large_image","twitter_misc":{"Gesch\u00e4tzte Lesezeit":"2 Minuten"},"schema":{"@context":"https:\/\/schema.org","@graph":[{"@type":"WebPage","@id":"https:\/\/le-clervaux.excellence-group.lu\/de\/suiten\/suite-junior\/","url":"https:\/\/le-clervaux.excellence-group.lu\/de\/suiten\/suite-junior\/","name":"Suite Junior - Le Clervaux Boutique Design Hotel","isPartOf":{"@id":"https:\/\/le-clervaux.excellence-group.lu\/de\/#website"},"primaryImageOfPage":{"@id":"https:\/\/le-clervaux.excellence-group.lu\/de\/suiten\/suite-junior\/#primaryimage"},"image":{"@id":"https:\/\/le-clervaux.excellence-group.lu\/de\/suiten\/suite-junior\/#primaryimage"},"thumbnailUrl":"https:\/\/le-clervaux.excellence-group.lu\/wp-content\/uploads\/sites\/388\/2025\/05\/junior-suite-boutique-design-hotel-clervaux_3-scaled.jpg","datePublished":"2021-03-29T19:01:14+00:00","dateModified":"2025-09-02T10:21:30+00:00","description":"Entdecken Sie die Junior Suite im Boutique Hotel Clervaux, einem 4-Sterne-Superior Spa-Hotel im Norden Luxemburgs.","breadcrumb":{"@id":"https:\/\/le-clervaux.excellence-group.lu\/de\/suiten\/suite-junior\/#breadcrumb"},"inLanguage":"de-DE","potentialAction":[{"@type":"ReadAction","target":["https:\/\/le-clervaux.excellence-group.lu\/de\/suiten\/suite-junior\/"]}]},{"@type":"ImageObject","inLanguage":"de-DE","@id":"https:\/\/le-clervaux.excellence-group.lu\/de\/suiten\/suite-junior\/#primaryimage","url":"https:\/\/le-clervaux.excellence-group.lu\/wp-content\/uploads\/sites\/388\/2025\/05\/junior-suite-boutique-design-hotel-clervaux_3-scaled.jpg","contentUrl":"https:\/\/le-clervaux.excellence-group.lu\/wp-content\/uploads\/sites\/388\/2025\/05\/junior-suite-boutique-design-hotel-clervaux_3-scaled.jpg","width":2560,"height":1707},{"@type":"BreadcrumbList","@id":"https:\/\/le-clervaux.excellence-group.lu\/de\/suiten\/suite-junior\/#breadcrumb","itemListElement":[{"@type":"ListItem","position":1,"name":"Home","item":"https:\/\/le-clervaux.excellence-group.lu\/de\/"},{"@type":"ListItem","position":2,"name":"Nos suites","item":"https:\/\/le-clervaux.excellence-group.lu\/de\/suiten\/"},{"@type":"ListItem","position":3,"name":"Suite Junior"}]},{"@type":"WebSite","@id":"https:\/\/le-clervaux.excellence-group.lu\/de\/#website","url":"https:\/\/le-clervaux.excellence-group.lu\/de\/","name":"Le Clervaux Boutique Design Hotel","description":"Just another ms.decms.eu site","potentialAction":[{"@type":"SearchAction","target":{"@type":"EntryPoint","urlTemplate":"https:\/\/le-clervaux.excellence-group.lu\/de\/?s={search_term_string}"},"query-input":{"@type":"PropertyValueSpecification","valueRequired":true,"valueName":"search_term_string"}}],"inLanguage":"de-DE"}]}},"acf":[],"_links":{"self":[{"href":"https:\/\/le-clervaux.excellence-group.lu\/de\/wp-json\/wp\/v2\/pages\/267","targetHints":{"allow":["GET"]}}],"collection":[{"href":"https:\/\/le-clervaux.excellence-group.lu\/de\/wp-json\/wp\/v2\/pages"}],"about":[{"href":"https:\/\/le-clervaux.excellence-group.lu\/de\/wp-json\/wp\/v2\/types\/page"}],"author":[{"embeddable":true,"href":"https:\/\/le-clervaux.excellence-group.lu\/de\/wp-json\/wp\/v2\/users\/5"}],"replies":[{"embeddable":true,"href":"https:\/\/le-clervaux.excellence-group.lu\/de\/wp-json\/wp\/v2\/comments?post=267"}],"version-history":[{"count":0,"href":"https:\/\/le-clervaux.excellence-group.lu\/de\/wp-json\/wp\/v2\/pages\/267\/revisions"}],"up":[{"embeddable":true,"href":"https:\/\/le-clervaux.excellence-group.lu\/de\/wp-json\/wp\/v2\/pages\/227"}],"wp:featuredmedia":[{"embeddable":true,"href":"https:\/\/le-clervaux.excellence-group.lu\/de\/wp-json\/wp\/v2\/media\/1314"}],"wp:attachment":[{"href":"https:\/\/le-clervaux.excellence-group.lu\/de\/wp-json\/wp\/v2\/media?parent=267"}],"curies":[{"name":"wp","href":"https:\/\/api.w.org\/{rel}","templated":true}]}}