{"id":334,"date":"2021-03-29T19:08:42","date_gmt":"2021-03-29T19:08:42","guid":{"rendered":"https:\/\/le-clervaux.ms.decms.eu\/contact\/"},"modified":"2021-06-12T12:32:14","modified_gmt":"2021-06-12T12:32:14","slug":"kontakt","status":"publish","type":"page","link":"https:\/\/le-clervaux.excellence-group.lu\/de\/kontakt\/","title":{"rendered":"Kontakt"},"content":{"rendered":"<p style=\"text-align: center;\">Bei Fragen k\u00f6nnen Sie uns jederzeit kontaktieren.<br \/>\nUnsere Team steht Ihnen gerne zur Verf\u00fcgung und freut sich, Ihnen zus\u00e4tzliche Informationen geben zu k\u00f6nnen oder Sie bei Ihrer Buchung in einem unserer H\u00e4user unterst\u00fctzen zu k\u00f6nnen.<\/p>\n","protected":false},"excerpt":{"rendered":"<p>Bei Fragen k\u00f6nnen Sie uns jederzeit kontaktieren. Unsere Team steht Ihnen gerne zur Verf\u00fcgung und freut sich, Ihnen zus\u00e4tzliche Informationen geben zu k\u00f6nnen oder Sie bei Ihrer Buchung in einem unserer H\u00e4user unterst\u00fctzen zu k\u00f6nnen.<\/p>\n","protected":false},"author":5,"featured_media":0,"parent":0,"menu_order":0,"comment_status":"closed","ping_status":"closed","template":"template-contacts.php","meta":{"footnotes":""},"class_list":["post-334","page","type-page","status-publish","hentry"],"yoast_head":"<!-- This site is optimized with the Yoast SEO plugin v26.9 - https:\/\/yoast.com\/product\/yoast-seo-wordpress\/ -->\n<title>Kontakt - Le Clervaux Boutique Design Hotel<\/title>\n<meta name=\"robots\" content=\"index, follow, max-snippet:-1, max-image-preview:large, max-video-preview:-1\" \/>\n<link rel=\"canonical\" href=\"https:\/\/le-clervaux.excellence-group.lu\/de\/kontakt\/\" \/>\n<meta property=\"og:locale\" content=\"de_DE\" \/>\n<meta property=\"og:type\" content=\"article\" \/>\n<meta property=\"og:title\" content=\"Kontakt - Le Clervaux Boutique Design Hotel\" \/>\n<meta property=\"og:description\" content=\"Bei Fragen k\u00f6nnen Sie uns jederzeit kontaktieren. Unsere Team steht Ihnen gerne zur Verf\u00fcgung und freut sich, Ihnen zus\u00e4tzliche Informationen geben zu k\u00f6nnen oder Sie bei Ihrer Buchung in einem unserer H\u00e4user unterst\u00fctzen zu k\u00f6nnen.\" \/>\n<meta property=\"og:url\" content=\"https:\/\/le-clervaux.excellence-group.lu\/de\/kontakt\/\" \/>\n<meta property=\"og:site_name\" content=\"Le Clervaux Boutique Design Hotel\" \/>\n<meta property=\"article:modified_time\" content=\"2021-06-12T12:32:14+00:00\" \/>\n<meta name=\"twitter:card\" content=\"summary_large_image\" \/>\n<script type=\"application\/ld+json\" class=\"yoast-schema-graph\">{\"@context\":\"https:\/\/schema.org\",\"@graph\":[{\"@type\":\"WebPage\",\"@id\":\"https:\/\/le-clervaux.excellence-group.lu\/de\/kontakt\/\",\"url\":\"https:\/\/le-clervaux.excellence-group.lu\/de\/kontakt\/\",\"name\":\"Kontakt - Le Clervaux Boutique Design Hotel\",\"isPartOf\":{\"@id\":\"https:\/\/le-clervaux.excellence-group.lu\/de\/#website\"},\"datePublished\":\"2021-03-29T19:08:42+00:00\",\"dateModified\":\"2021-06-12T12:32:14+00:00\",\"breadcrumb\":{\"@id\":\"https:\/\/le-clervaux.excellence-group.lu\/de\/kontakt\/#breadcrumb\"},\"inLanguage\":\"de-DE\",\"potentialAction\":[{\"@type\":\"ReadAction\",\"target\":[\"https:\/\/le-clervaux.excellence-group.lu\/de\/kontakt\/\"]}]},{\"@type\":\"BreadcrumbList\",\"@id\":\"https:\/\/le-clervaux.excellence-group.lu\/de\/kontakt\/#breadcrumb\",\"itemListElement\":[{\"@type\":\"ListItem\",\"position\":1,\"name\":\"Home\",\"item\":\"https:\/\/le-clervaux.excellence-group.lu\/de\/\"},{\"@type\":\"ListItem\",\"position\":2,\"name\":\"Kontakt\"}]},{\"@type\":\"WebSite\",\"@id\":\"https:\/\/le-clervaux.excellence-group.lu\/de\/#website\",\"url\":\"https:\/\/le-clervaux.excellence-group.lu\/de\/\",\"name\":\"Le Clervaux Boutique Design Hotel\",\"description\":\"Just another ms.decms.eu site\",\"potentialAction\":[{\"@type\":\"SearchAction\",\"target\":{\"@type\":\"EntryPoint\",\"urlTemplate\":\"https:\/\/le-clervaux.excellence-group.lu\/de\/?s={search_term_string}\"},\"query-input\":{\"@type\":\"PropertyValueSpecification\",\"valueRequired\":true,\"valueName\":\"search_term_string\"}}],\"inLanguage\":\"de-DE\"}]}<\/script>\n<!-- \/ Yoast SEO plugin. -->","yoast_head_json":{"title":"Kontakt - Le Clervaux Boutique Design Hotel","robots":{"index":"index","follow":"follow","max-snippet":"max-snippet:-1","max-image-preview":"max-image-preview:large","max-video-preview":"max-video-preview:-1"},"canonical":"https:\/\/le-clervaux.excellence-group.lu\/de\/kontakt\/","og_locale":"de_DE","og_type":"article","og_title":"Kontakt - Le Clervaux Boutique Design Hotel","og_description":"Bei Fragen k\u00f6nnen Sie uns jederzeit kontaktieren. Unsere Team steht Ihnen gerne zur Verf\u00fcgung und freut sich, Ihnen zus\u00e4tzliche Informationen geben zu k\u00f6nnen oder Sie bei Ihrer Buchung in einem unserer H\u00e4user unterst\u00fctzen zu k\u00f6nnen.","og_url":"https:\/\/le-clervaux.excellence-group.lu\/de\/kontakt\/","og_site_name":"Le Clervaux Boutique Design Hotel","article_modified_time":"2021-06-12T12:32:14+00:00","twitter_card":"summary_large_image","schema":{"@context":"https:\/\/schema.org","@graph":[{"@type":"WebPage","@id":"https:\/\/le-clervaux.excellence-group.lu\/de\/kontakt\/","url":"https:\/\/le-clervaux.excellence-group.lu\/de\/kontakt\/","name":"Kontakt - Le Clervaux Boutique Design Hotel","isPartOf":{"@id":"https:\/\/le-clervaux.excellence-group.lu\/de\/#website"},"datePublished":"2021-03-29T19:08:42+00:00","dateModified":"2021-06-12T12:32:14+00:00","breadcrumb":{"@id":"https:\/\/le-clervaux.excellence-group.lu\/de\/kontakt\/#breadcrumb"},"inLanguage":"de-DE","potentialAction":[{"@type":"ReadAction","target":["https:\/\/le-clervaux.excellence-group.lu\/de\/kontakt\/"]}]},{"@type":"BreadcrumbList","@id":"https:\/\/le-clervaux.excellence-group.lu\/de\/kontakt\/#breadcrumb","itemListElement":[{"@type":"ListItem","position":1,"name":"Home","item":"https:\/\/le-clervaux.excellence-group.lu\/de\/"},{"@type":"ListItem","position":2,"name":"Kontakt"}]},{"@type":"WebSite","@id":"https:\/\/le-clervaux.excellence-group.lu\/de\/#website","url":"https:\/\/le-clervaux.excellence-group.lu\/de\/","name":"Le Clervaux Boutique Design Hotel","description":"Just another ms.decms.eu site","potentialAction":[{"@type":"SearchAction","target":{"@type":"EntryPoint","urlTemplate":"https:\/\/le-clervaux.excellence-group.lu\/de\/?s={search_term_string}"},"query-input":{"@type":"PropertyValueSpecification","valueRequired":true,"valueName":"search_term_string"}}],"inLanguage":"de-DE"}]}},"acf":[],"_links":{"self":[{"href":"https:\/\/le-clervaux.excellence-group.lu\/de\/wp-json\/wp\/v2\/pages\/334","targetHints":{"allow":["GET"]}}],"collection":[{"href":"https:\/\/le-clervaux.excellence-group.lu\/de\/wp-json\/wp\/v2\/pages"}],"about":[{"href":"https:\/\/le-clervaux.excellence-group.lu\/de\/wp-json\/wp\/v2\/types\/page"}],"author":[{"embeddable":true,"href":"https:\/\/le-clervaux.excellence-group.lu\/de\/wp-json\/wp\/v2\/users\/5"}],"replies":[{"embeddable":true,"href":"https:\/\/le-clervaux.excellence-group.lu\/de\/wp-json\/wp\/v2\/comments?post=334"}],"version-history":[{"count":0,"href":"https:\/\/le-clervaux.excellence-group.lu\/de\/wp-json\/wp\/v2\/pages\/334\/revisions"}],"wp:attachment":[{"href":"https:\/\/le-clervaux.excellence-group.lu\/de\/wp-json\/wp\/v2\/media?parent=334"}],"curies":[{"name":"wp","href":"https:\/\/api.w.org\/{rel}","templated":true}]}}