{"id":340,"date":"2021-03-29T19:06:30","date_gmt":"2021-03-29T19:06:30","guid":{"rendered":"https:\/\/le-clervaux.ms.decms.eu\/offres\/"},"modified":"2024-07-24T12:49:23","modified_gmt":"2024-07-24T12:49:23","slug":"angebote","status":"publish","type":"page","link":"https:\/\/le-clervaux.excellence-group.lu\/de\/angebote\/","title":{"rendered":"Spezielle Angebote"},"content":{"rendered":"<p>Erkunden Sie unsere Sonderangebote und lassen Sie sich zu einer Auszeit im Clervaux Boutique Hotel verf\u00fchren, wo Eleganz und Entspannung eine harmonische Einheit bilden. Tauchen Sie ein in den Luxus unseres <a href=\"https:\/\/excellence-group.lu\/spa\">SPA Cinq Mondes<\/a> und genie\u00dfen Sie die exquisite K\u00fcche unserer <a href=\"https:\/\/excellence-group.lu\/restaurants\">Restaurants<\/a>, w\u00e4hrend Sie unsere speziell zusammengestellten Pauschalangebote nutzen, um Ihnen ein unvergessliches Erlebnis zu garantieren.<\/p>\n<p><em><img loading=\"lazy\" decoding=\"async\" class=\"alignnone size-full wp-image-1240\" src=\"https:\/\/le-clervaux.excellence-group.lu\/wp-content\/uploads\/sites\/388\/2024\/07\/hotel-4-etoiles-acces-spa-offert-luxembourg-1.png\" alt=\"\" width=\"40\" height=\"50\" \/> Wenn Sie direkt \u00fcber unsere <a href=\"https:\/\/www.secure-hotel-booking.com\/Le-Clervaux-Boutique-Design-Hotel\/JRF2\/de-DE\" target=\"_blank\" rel=\"noopener\">Website buchen<\/a>, ist der Zugang zum SPA w\u00e4hrend Ihres gesamten Aufenthalts KOSTENLOS.<\/em><\/p>\n<p>Entdecken Sie die Details unserer exklusiven Angebote auf dieser Seite und bereiten Sie sich auf Momente des puren Gl\u00fccks und der Entspannung in <a href=\"https:\/\/www.excellence-group.lu\/clervaux\/\">Clervaux<\/a> vor.<\/p>\n","protected":false},"excerpt":{"rendered":"<p>Erkunden Sie unsere Sonderangebote und lassen Sie sich zu einer Auszeit im Clervaux Boutique Hotel verf\u00fchren, wo Eleganz und Entspannung eine harmonische Einheit bilden. Tauchen Sie ein in den Luxus unseres SPA Cinq Mondes und genie\u00dfen Sie die exquisite K\u00fcche unserer Restaurants, w\u00e4hrend Sie unsere speziell zusammengestellten Pauschalangebote nutzen, um Ihnen ein unvergessliches Erlebnis zu [&hellip;]<\/p>\n","protected":false},"author":5,"featured_media":1022,"parent":0,"menu_order":0,"comment_status":"closed","ping_status":"closed","template":"template-offers.php","meta":{"footnotes":""},"class_list":["post-340","page","type-page","status-publish","has-post-thumbnail","hentry"],"yoast_head":"<!-- This site is optimized with the Yoast SEO plugin v26.9 - https:\/\/yoast.com\/product\/yoast-seo-wordpress\/ -->\n<title>Spezielle Angebote - Le Clervaux Boutique Design Hotel<\/title>\n<meta name=\"description\" content=\"Entdecken Sie die Sonderangebote des Boutique Hotel Clervaux und planen Sie Ihren Aufenthalt in diesem 4-Sterne-Superior-Hotel mit Spa im Norden Luxemburgs.\" \/>\n<meta name=\"robots\" content=\"index, follow, max-snippet:-1, max-image-preview:large, max-video-preview:-1\" \/>\n<link rel=\"canonical\" href=\"https:\/\/le-clervaux.excellence-group.lu\/de\/angebote\/\" \/>\n<meta property=\"og:locale\" content=\"de_DE\" \/>\n<meta property=\"og:type\" content=\"article\" \/>\n<meta property=\"og:title\" content=\"Offre Saint Valentin\" \/>\n<meta property=\"og:description\" content=\"Entdecken Sie die Sonderangebote des Boutique Hotel Clervaux und planen Sie Ihren Aufenthalt in diesem 4-Sterne-Superior-Hotel mit Spa im Norden Luxemburgs.\" \/>\n<meta property=\"og:url\" content=\"https:\/\/le-clervaux.excellence-group.lu\/de\/angebote\/\" \/>\n<meta property=\"og:site_name\" content=\"Le Clervaux Boutique Design Hotel\" \/>\n<meta property=\"article:modified_time\" content=\"2024-07-24T12:49:23+00:00\" \/>\n<meta property=\"og:image\" content=\"https:\/\/le-clervaux.excellence-group.lu\/wp-content\/uploads\/sites\/388\/2023\/01\/ACTION-MICE-2023.png\" \/>\n\t<meta property=\"og:image:width\" content=\"1920\" \/>\n\t<meta property=\"og:image:height\" content=\"1080\" \/>\n\t<meta property=\"og:image:type\" content=\"image\/png\" \/>\n<meta name=\"twitter:card\" content=\"summary_large_image\" \/>\n<meta name=\"twitter:label1\" content=\"Gesch\u00e4tzte Lesezeit\" \/>\n\t<meta name=\"twitter:data1\" content=\"1 Minute\" \/>\n<script type=\"application\/ld+json\" class=\"yoast-schema-graph\">{\"@context\":\"https:\/\/schema.org\",\"@graph\":[{\"@type\":\"WebPage\",\"@id\":\"https:\/\/le-clervaux.excellence-group.lu\/de\/angebote\/\",\"url\":\"https:\/\/le-clervaux.excellence-group.lu\/de\/angebote\/\",\"name\":\"Spezielle Angebote - Le Clervaux Boutique Design Hotel\",\"isPartOf\":{\"@id\":\"https:\/\/le-clervaux.excellence-group.lu\/de\/#website\"},\"primaryImageOfPage\":{\"@id\":\"https:\/\/le-clervaux.excellence-group.lu\/de\/angebote\/#primaryimage\"},\"image\":{\"@id\":\"https:\/\/le-clervaux.excellence-group.lu\/de\/angebote\/#primaryimage\"},\"thumbnailUrl\":\"https:\/\/le-clervaux.excellence-group.lu\/wp-content\/uploads\/sites\/388\/2024\/05\/clervaux-boutique-hotel_suite_BD_65.jpg\",\"datePublished\":\"2021-03-29T19:06:30+00:00\",\"dateModified\":\"2024-07-24T12:49:23+00:00\",\"description\":\"Entdecken Sie die Sonderangebote des Boutique Hotel Clervaux und planen Sie Ihren Aufenthalt in diesem 4-Sterne-Superior-Hotel mit Spa im Norden Luxemburgs.\",\"breadcrumb\":{\"@id\":\"https:\/\/le-clervaux.excellence-group.lu\/de\/angebote\/#breadcrumb\"},\"inLanguage\":\"de-DE\",\"potentialAction\":[{\"@type\":\"ReadAction\",\"target\":[\"https:\/\/le-clervaux.excellence-group.lu\/de\/angebote\/\"]}]},{\"@type\":\"ImageObject\",\"inLanguage\":\"de-DE\",\"@id\":\"https:\/\/le-clervaux.excellence-group.lu\/de\/angebote\/#primaryimage\",\"url\":\"https:\/\/le-clervaux.excellence-group.lu\/wp-content\/uploads\/sites\/388\/2024\/05\/clervaux-boutique-hotel_suite_BD_65.jpg\",\"contentUrl\":\"https:\/\/le-clervaux.excellence-group.lu\/wp-content\/uploads\/sites\/388\/2024\/05\/clervaux-boutique-hotel_suite_BD_65.jpg\",\"width\":1498,\"height\":1000},{\"@type\":\"BreadcrumbList\",\"@id\":\"https:\/\/le-clervaux.excellence-group.lu\/de\/angebote\/#breadcrumb\",\"itemListElement\":[{\"@type\":\"ListItem\",\"position\":1,\"name\":\"Home\",\"item\":\"https:\/\/le-clervaux.excellence-group.lu\/de\/\"},{\"@type\":\"ListItem\",\"position\":2,\"name\":\"Spezielle Angebote\"}]},{\"@type\":\"WebSite\",\"@id\":\"https:\/\/le-clervaux.excellence-group.lu\/de\/#website\",\"url\":\"https:\/\/le-clervaux.excellence-group.lu\/de\/\",\"name\":\"Le Clervaux Boutique Design Hotel\",\"description\":\"Just another ms.decms.eu site\",\"potentialAction\":[{\"@type\":\"SearchAction\",\"target\":{\"@type\":\"EntryPoint\",\"urlTemplate\":\"https:\/\/le-clervaux.excellence-group.lu\/de\/?s={search_term_string}\"},\"query-input\":{\"@type\":\"PropertyValueSpecification\",\"valueRequired\":true,\"valueName\":\"search_term_string\"}}],\"inLanguage\":\"de-DE\"}]}<\/script>\n<!-- \/ Yoast SEO plugin. -->","yoast_head_json":{"title":"Spezielle Angebote - Le Clervaux Boutique Design Hotel","description":"Entdecken Sie die Sonderangebote des Boutique Hotel Clervaux und planen Sie Ihren Aufenthalt in diesem 4-Sterne-Superior-Hotel mit Spa im Norden Luxemburgs.","robots":{"index":"index","follow":"follow","max-snippet":"max-snippet:-1","max-image-preview":"max-image-preview:large","max-video-preview":"max-video-preview:-1"},"canonical":"https:\/\/le-clervaux.excellence-group.lu\/de\/angebote\/","og_locale":"de_DE","og_type":"article","og_title":"Offre Saint Valentin","og_description":"Entdecken Sie die Sonderangebote des Boutique Hotel Clervaux und planen Sie Ihren Aufenthalt in diesem 4-Sterne-Superior-Hotel mit Spa im Norden Luxemburgs.","og_url":"https:\/\/le-clervaux.excellence-group.lu\/de\/angebote\/","og_site_name":"Le Clervaux Boutique Design Hotel","article_modified_time":"2024-07-24T12:49:23+00:00","og_image":[{"width":1920,"height":1080,"url":"https:\/\/le-clervaux.excellence-group.lu\/wp-content\/uploads\/sites\/388\/2023\/01\/ACTION-MICE-2023.png","type":"image\/png"}],"twitter_card":"summary_large_image","twitter_misc":{"Gesch\u00e4tzte Lesezeit":"1 Minute"},"schema":{"@context":"https:\/\/schema.org","@graph":[{"@type":"WebPage","@id":"https:\/\/le-clervaux.excellence-group.lu\/de\/angebote\/","url":"https:\/\/le-clervaux.excellence-group.lu\/de\/angebote\/","name":"Spezielle Angebote - Le Clervaux Boutique Design Hotel","isPartOf":{"@id":"https:\/\/le-clervaux.excellence-group.lu\/de\/#website"},"primaryImageOfPage":{"@id":"https:\/\/le-clervaux.excellence-group.lu\/de\/angebote\/#primaryimage"},"image":{"@id":"https:\/\/le-clervaux.excellence-group.lu\/de\/angebote\/#primaryimage"},"thumbnailUrl":"https:\/\/le-clervaux.excellence-group.lu\/wp-content\/uploads\/sites\/388\/2024\/05\/clervaux-boutique-hotel_suite_BD_65.jpg","datePublished":"2021-03-29T19:06:30+00:00","dateModified":"2024-07-24T12:49:23+00:00","description":"Entdecken Sie die Sonderangebote des Boutique Hotel Clervaux und planen Sie Ihren Aufenthalt in diesem 4-Sterne-Superior-Hotel mit Spa im Norden Luxemburgs.","breadcrumb":{"@id":"https:\/\/le-clervaux.excellence-group.lu\/de\/angebote\/#breadcrumb"},"inLanguage":"de-DE","potentialAction":[{"@type":"ReadAction","target":["https:\/\/le-clervaux.excellence-group.lu\/de\/angebote\/"]}]},{"@type":"ImageObject","inLanguage":"de-DE","@id":"https:\/\/le-clervaux.excellence-group.lu\/de\/angebote\/#primaryimage","url":"https:\/\/le-clervaux.excellence-group.lu\/wp-content\/uploads\/sites\/388\/2024\/05\/clervaux-boutique-hotel_suite_BD_65.jpg","contentUrl":"https:\/\/le-clervaux.excellence-group.lu\/wp-content\/uploads\/sites\/388\/2024\/05\/clervaux-boutique-hotel_suite_BD_65.jpg","width":1498,"height":1000},{"@type":"BreadcrumbList","@id":"https:\/\/le-clervaux.excellence-group.lu\/de\/angebote\/#breadcrumb","itemListElement":[{"@type":"ListItem","position":1,"name":"Home","item":"https:\/\/le-clervaux.excellence-group.lu\/de\/"},{"@type":"ListItem","position":2,"name":"Spezielle Angebote"}]},{"@type":"WebSite","@id":"https:\/\/le-clervaux.excellence-group.lu\/de\/#website","url":"https:\/\/le-clervaux.excellence-group.lu\/de\/","name":"Le Clervaux Boutique Design Hotel","description":"Just another ms.decms.eu site","potentialAction":[{"@type":"SearchAction","target":{"@type":"EntryPoint","urlTemplate":"https:\/\/le-clervaux.excellence-group.lu\/de\/?s={search_term_string}"},"query-input":{"@type":"PropertyValueSpecification","valueRequired":true,"valueName":"search_term_string"}}],"inLanguage":"de-DE"}]}},"acf":[],"_links":{"self":[{"href":"https:\/\/le-clervaux.excellence-group.lu\/de\/wp-json\/wp\/v2\/pages\/340","targetHints":{"allow":["GET"]}}],"collection":[{"href":"https:\/\/le-clervaux.excellence-group.lu\/de\/wp-json\/wp\/v2\/pages"}],"about":[{"href":"https:\/\/le-clervaux.excellence-group.lu\/de\/wp-json\/wp\/v2\/types\/page"}],"author":[{"embeddable":true,"href":"https:\/\/le-clervaux.excellence-group.lu\/de\/wp-json\/wp\/v2\/users\/5"}],"replies":[{"embeddable":true,"href":"https:\/\/le-clervaux.excellence-group.lu\/de\/wp-json\/wp\/v2\/comments?post=340"}],"version-history":[{"count":0,"href":"https:\/\/le-clervaux.excellence-group.lu\/de\/wp-json\/wp\/v2\/pages\/340\/revisions"}],"wp:featuredmedia":[{"embeddable":true,"href":"https:\/\/le-clervaux.excellence-group.lu\/de\/wp-json\/wp\/v2\/media\/1022"}],"wp:attachment":[{"href":"https:\/\/le-clervaux.excellence-group.lu\/de\/wp-json\/wp\/v2\/media?parent=340"}],"curies":[{"name":"wp","href":"https:\/\/api.w.org\/{rel}","templated":true}]}}