{"id":263,"date":"2021-03-29T19:01:14","date_gmt":"2021-03-29T19:01:14","guid":{"rendered":"https:\/\/le-clervaux.ms.decms.eu\/chambres-suites\/suite-junior\/"},"modified":"2025-09-02T10:17:56","modified_gmt":"2025-09-02T10:17:56","slug":"suite-junior","status":"publish","type":"page","link":"https:\/\/le-clervaux.excellence-group.lu\/nl\/kamers\/suite-junior\/","title":{"rendered":"Suite Junior"},"content":{"rendered":"<p>Ontdek onze Junior Suite, een oase van comfort en stijl in het Boutique Hotel Clervaux. Met een minimale oppervlakte van 35m2 biedt deze ruime suite alle ruimte die je nodig hebt om te ontspannen en op te laden.<\/p>\n<p>De kamer is uitgerust met een groot, comfortabel tweepersoonsbed, waardoor je verzekerd bent van een rustige nachtrust.<\/p>\n<p>In de badkamer zult u het comfort en de luxe van een dubbele wastafel waarderen, evenals de keuze uit een bad of Italiaanse douche voor uw ontspanning. Houd er rekening mee dat \u00e9\u00e9n junior suite (#9) geen bad heeft.<\/p>\n<p>De stijl van de Junior Suite is resoluut art-deco, met tapijten van vloer tot plafond en designmeubels die een vleugje elegantie toevoegen. Er is ook een bureau met stoel beschikbaar, ideaal voor wie moet werken tijdens zijn verblijf.<\/p>\n<p>Voor uw comfort is de suite voorzien van airconditioning, zodat u altijd verzekerd bent van een aangename temperatuur, ongeacht het weer buiten. Boek nu je verblijf in Clervaux en ontdek de onvergelijkbare charme van onze Junior Suite in het Boutique Hotel Clervaux.<\/p>\n<p><em>NB: Omdat de toegang tot de <a href=\"https:\/\/www.excellence-group.lu\/spa\/\">SPA<\/a> systematisch bij je verblijf is inbegrepen, vind je twee badjassen in je suite.<\/em><\/p>\n","protected":false},"excerpt":{"rendered":"<p>Ontdek onze Junior Suite, een oase van comfort en stijl in het Boutique Hotel Clervaux. Met een minimale oppervlakte van 35m2 biedt deze ruime suite alle ruimte die je nodig hebt om te ontspannen en op te laden. De kamer is uitgerust met een groot, comfortabel tweepersoonsbed, waardoor je verzekerd bent van een rustige nachtrust. [&hellip;]<\/p>\n","protected":false},"author":5,"featured_media":1312,"parent":223,"menu_order":0,"comment_status":"closed","ping_status":"closed","template":"template-single-room.php","meta":{"footnotes":""},"class_list":["post-263","page","type-page","status-publish","has-post-thumbnail","hentry"],"yoast_head":"<!-- This site is optimized with the Yoast SEO plugin v26.9 - https:\/\/yoast.com\/product\/yoast-seo-wordpress\/ -->\n<title>Suite Junior - Le Clervaux Boutique Design Hotel<\/title>\n<meta name=\"description\" content=\"D\u00e9couvrez la Junior Suite du Boutique Hotel Clervaux, un spa hotel 4 \u00e9toiles sup\u00e9rieur dans le Nord du Luxembourg.\" \/>\n<meta name=\"robots\" content=\"index, follow, max-snippet:-1, max-image-preview:large, max-video-preview:-1\" \/>\n<link rel=\"canonical\" href=\"https:\/\/le-clervaux.excellence-group.lu\/nl\/kamers\/suite-junior\/\" \/>\n<meta property=\"og:locale\" content=\"nl_NL\" \/>\n<meta property=\"og:type\" content=\"article\" \/>\n<meta property=\"og:title\" content=\"Suite Junior - Le Clervaux Boutique Design Hotel\" \/>\n<meta property=\"og:description\" content=\"D\u00e9couvrez la Junior Suite du Boutique Hotel Clervaux, un spa hotel 4 \u00e9toiles sup\u00e9rieur dans le Nord du Luxembourg.\" \/>\n<meta property=\"og:url\" content=\"https:\/\/le-clervaux.excellence-group.lu\/nl\/kamers\/suite-junior\/\" \/>\n<meta property=\"og:site_name\" content=\"Le Clervaux Boutique Design Hotel\" \/>\n<meta property=\"article:modified_time\" content=\"2025-09-02T10:17:56+00:00\" \/>\n<meta property=\"og:image\" content=\"https:\/\/le-clervaux.excellence-group.lu\/wp-content\/uploads\/sites\/388\/2025\/05\/junior-suite-boutique-design-hotel-clervaux_3-scaled.jpg\" \/>\n\t<meta property=\"og:image:width\" content=\"2560\" \/>\n\t<meta property=\"og:image:height\" content=\"1707\" \/>\n\t<meta property=\"og:image:type\" content=\"image\/jpeg\" \/>\n<meta name=\"twitter:card\" content=\"summary_large_image\" \/>\n<meta name=\"twitter:label1\" content=\"Geschatte leestijd\" \/>\n\t<meta name=\"twitter:data1\" content=\"2 minuten\" \/>\n<script type=\"application\/ld+json\" class=\"yoast-schema-graph\">{\"@context\":\"https:\/\/schema.org\",\"@graph\":[{\"@type\":\"WebPage\",\"@id\":\"https:\/\/le-clervaux.excellence-group.lu\/nl\/kamers\/suite-junior\/\",\"url\":\"https:\/\/le-clervaux.excellence-group.lu\/nl\/kamers\/suite-junior\/\",\"name\":\"Suite Junior - Le Clervaux Boutique Design Hotel\",\"isPartOf\":{\"@id\":\"https:\/\/le-clervaux.excellence-group.lu\/nl\/#website\"},\"primaryImageOfPage\":{\"@id\":\"https:\/\/le-clervaux.excellence-group.lu\/nl\/kamers\/suite-junior\/#primaryimage\"},\"image\":{\"@id\":\"https:\/\/le-clervaux.excellence-group.lu\/nl\/kamers\/suite-junior\/#primaryimage\"},\"thumbnailUrl\":\"https:\/\/le-clervaux.excellence-group.lu\/wp-content\/uploads\/sites\/388\/2025\/05\/junior-suite-boutique-design-hotel-clervaux_3-scaled.jpg\",\"datePublished\":\"2021-03-29T19:01:14+00:00\",\"dateModified\":\"2025-09-02T10:17:56+00:00\",\"description\":\"D\u00e9couvrez la Junior Suite du Boutique Hotel Clervaux, un spa hotel 4 \u00e9toiles sup\u00e9rieur dans le Nord du Luxembourg.\",\"breadcrumb\":{\"@id\":\"https:\/\/le-clervaux.excellence-group.lu\/nl\/kamers\/suite-junior\/#breadcrumb\"},\"inLanguage\":\"nl-NL\",\"potentialAction\":[{\"@type\":\"ReadAction\",\"target\":[\"https:\/\/le-clervaux.excellence-group.lu\/nl\/kamers\/suite-junior\/\"]}]},{\"@type\":\"ImageObject\",\"inLanguage\":\"nl-NL\",\"@id\":\"https:\/\/le-clervaux.excellence-group.lu\/nl\/kamers\/suite-junior\/#primaryimage\",\"url\":\"https:\/\/le-clervaux.excellence-group.lu\/wp-content\/uploads\/sites\/388\/2025\/05\/junior-suite-boutique-design-hotel-clervaux_3-scaled.jpg\",\"contentUrl\":\"https:\/\/le-clervaux.excellence-group.lu\/wp-content\/uploads\/sites\/388\/2025\/05\/junior-suite-boutique-design-hotel-clervaux_3-scaled.jpg\",\"width\":2560,\"height\":1707},{\"@type\":\"BreadcrumbList\",\"@id\":\"https:\/\/le-clervaux.excellence-group.lu\/nl\/kamers\/suite-junior\/#breadcrumb\",\"itemListElement\":[{\"@type\":\"ListItem\",\"position\":1,\"name\":\"Home\",\"item\":\"http:\/\/le-clervaux.excellence-group.lu\/nl\/\"},{\"@type\":\"ListItem\",\"position\":2,\"name\":\"Suites\",\"item\":\"http:\/\/le-clervaux.excellence-group.lu\/nl\/kamers\/\"},{\"@type\":\"ListItem\",\"position\":3,\"name\":\"Suite Junior\"}]},{\"@type\":\"WebSite\",\"@id\":\"https:\/\/le-clervaux.excellence-group.lu\/nl\/#website\",\"url\":\"https:\/\/le-clervaux.excellence-group.lu\/nl\/\",\"name\":\"Le Clervaux Boutique Design Hotel\",\"description\":\"Just another ms.decms.eu site\",\"potentialAction\":[{\"@type\":\"SearchAction\",\"target\":{\"@type\":\"EntryPoint\",\"urlTemplate\":\"https:\/\/le-clervaux.excellence-group.lu\/nl\/?s={search_term_string}\"},\"query-input\":{\"@type\":\"PropertyValueSpecification\",\"valueRequired\":true,\"valueName\":\"search_term_string\"}}],\"inLanguage\":\"nl-NL\"}]}<\/script>\n<!-- \/ Yoast SEO plugin. -->","yoast_head_json":{"title":"Suite Junior - Le Clervaux Boutique Design Hotel","description":"D\u00e9couvrez la Junior Suite du Boutique Hotel Clervaux, un spa hotel 4 \u00e9toiles sup\u00e9rieur dans le Nord du Luxembourg.","robots":{"index":"index","follow":"follow","max-snippet":"max-snippet:-1","max-image-preview":"max-image-preview:large","max-video-preview":"max-video-preview:-1"},"canonical":"https:\/\/le-clervaux.excellence-group.lu\/nl\/kamers\/suite-junior\/","og_locale":"nl_NL","og_type":"article","og_title":"Suite Junior - Le Clervaux Boutique Design Hotel","og_description":"D\u00e9couvrez la Junior Suite du Boutique Hotel Clervaux, un spa hotel 4 \u00e9toiles sup\u00e9rieur dans le Nord du Luxembourg.","og_url":"https:\/\/le-clervaux.excellence-group.lu\/nl\/kamers\/suite-junior\/","og_site_name":"Le Clervaux Boutique Design Hotel","article_modified_time":"2025-09-02T10:17:56+00:00","og_image":[{"width":2560,"height":1707,"url":"https:\/\/le-clervaux.excellence-group.lu\/wp-content\/uploads\/sites\/388\/2025\/05\/junior-suite-boutique-design-hotel-clervaux_3-scaled.jpg","type":"image\/jpeg"}],"twitter_card":"summary_large_image","twitter_misc":{"Geschatte leestijd":"2 minuten"},"schema":{"@context":"https:\/\/schema.org","@graph":[{"@type":"WebPage","@id":"https:\/\/le-clervaux.excellence-group.lu\/nl\/kamers\/suite-junior\/","url":"https:\/\/le-clervaux.excellence-group.lu\/nl\/kamers\/suite-junior\/","name":"Suite Junior - Le Clervaux Boutique Design Hotel","isPartOf":{"@id":"https:\/\/le-clervaux.excellence-group.lu\/nl\/#website"},"primaryImageOfPage":{"@id":"https:\/\/le-clervaux.excellence-group.lu\/nl\/kamers\/suite-junior\/#primaryimage"},"image":{"@id":"https:\/\/le-clervaux.excellence-group.lu\/nl\/kamers\/suite-junior\/#primaryimage"},"thumbnailUrl":"https:\/\/le-clervaux.excellence-group.lu\/wp-content\/uploads\/sites\/388\/2025\/05\/junior-suite-boutique-design-hotel-clervaux_3-scaled.jpg","datePublished":"2021-03-29T19:01:14+00:00","dateModified":"2025-09-02T10:17:56+00:00","description":"D\u00e9couvrez la Junior Suite du Boutique Hotel Clervaux, un spa hotel 4 \u00e9toiles sup\u00e9rieur dans le Nord du Luxembourg.","breadcrumb":{"@id":"https:\/\/le-clervaux.excellence-group.lu\/nl\/kamers\/suite-junior\/#breadcrumb"},"inLanguage":"nl-NL","potentialAction":[{"@type":"ReadAction","target":["https:\/\/le-clervaux.excellence-group.lu\/nl\/kamers\/suite-junior\/"]}]},{"@type":"ImageObject","inLanguage":"nl-NL","@id":"https:\/\/le-clervaux.excellence-group.lu\/nl\/kamers\/suite-junior\/#primaryimage","url":"https:\/\/le-clervaux.excellence-group.lu\/wp-content\/uploads\/sites\/388\/2025\/05\/junior-suite-boutique-design-hotel-clervaux_3-scaled.jpg","contentUrl":"https:\/\/le-clervaux.excellence-group.lu\/wp-content\/uploads\/sites\/388\/2025\/05\/junior-suite-boutique-design-hotel-clervaux_3-scaled.jpg","width":2560,"height":1707},{"@type":"BreadcrumbList","@id":"https:\/\/le-clervaux.excellence-group.lu\/nl\/kamers\/suite-junior\/#breadcrumb","itemListElement":[{"@type":"ListItem","position":1,"name":"Home","item":"http:\/\/le-clervaux.excellence-group.lu\/nl\/"},{"@type":"ListItem","position":2,"name":"Suites","item":"http:\/\/le-clervaux.excellence-group.lu\/nl\/kamers\/"},{"@type":"ListItem","position":3,"name":"Suite Junior"}]},{"@type":"WebSite","@id":"https:\/\/le-clervaux.excellence-group.lu\/nl\/#website","url":"https:\/\/le-clervaux.excellence-group.lu\/nl\/","name":"Le Clervaux Boutique Design Hotel","description":"Just another ms.decms.eu site","potentialAction":[{"@type":"SearchAction","target":{"@type":"EntryPoint","urlTemplate":"https:\/\/le-clervaux.excellence-group.lu\/nl\/?s={search_term_string}"},"query-input":{"@type":"PropertyValueSpecification","valueRequired":true,"valueName":"search_term_string"}}],"inLanguage":"nl-NL"}]}},"acf":[],"_links":{"self":[{"href":"https:\/\/le-clervaux.excellence-group.lu\/nl\/wp-json\/wp\/v2\/pages\/263","targetHints":{"allow":["GET"]}}],"collection":[{"href":"https:\/\/le-clervaux.excellence-group.lu\/nl\/wp-json\/wp\/v2\/pages"}],"about":[{"href":"https:\/\/le-clervaux.excellence-group.lu\/nl\/wp-json\/wp\/v2\/types\/page"}],"author":[{"embeddable":true,"href":"https:\/\/le-clervaux.excellence-group.lu\/nl\/wp-json\/wp\/v2\/users\/5"}],"replies":[{"embeddable":true,"href":"https:\/\/le-clervaux.excellence-group.lu\/nl\/wp-json\/wp\/v2\/comments?post=263"}],"version-history":[{"count":0,"href":"https:\/\/le-clervaux.excellence-group.lu\/nl\/wp-json\/wp\/v2\/pages\/263\/revisions"}],"up":[{"embeddable":true,"href":"https:\/\/le-clervaux.excellence-group.lu\/nl\/wp-json\/wp\/v2\/pages\/223"}],"wp:featuredmedia":[{"embeddable":true,"href":"https:\/\/le-clervaux.excellence-group.lu\/nl\/wp-json\/wp\/v2\/media\/1312"}],"wp:attachment":[{"href":"https:\/\/le-clervaux.excellence-group.lu\/nl\/wp-json\/wp\/v2\/media?parent=263"}],"curies":[{"name":"wp","href":"https:\/\/api.w.org\/{rel}","templated":true}]}}